{"id":98,"date":"2023-03-12T20:00:48","date_gmt":"2023-03-12T19:00:48","guid":{"rendered":"http:\/\/test.aktenskapsdialog.se\/?page_id=98"},"modified":"2023-04-29T16:35:58","modified_gmt":"2023-04-29T14:35:58","slug":"mer-om-aktenskapsdialog","status":"publish","type":"page","link":"https:\/\/www.aktenskapsdialog.se\/?page_id=98","title":{"rendered":"Mer om \u00c4ktenskapsdialog"},"content":{"rendered":"\n<h2 class=\"wp-block-heading\">Miljoner par \u00f6ver hela v\u00e4rlden har f\u00e5tt uppleva en helg<\/h2>\n\n\n\n<p>\u00c4ktenskapsdialog startade i Spanien p\u00e5 50-talet. D\u00e5 arrangerades den f\u00f6rsta Marriage Encounter-helgen (som r\u00f6relsen heter internationellt) under ledning av den katolske pr\u00e4sten Gabriel Calvo. Sedan dess har \u00f6ver 2 miljoner gifta par \u00f6ver hela v\u00e4rlden f\u00e5tt uppleva en \u00e4ktenskapshelg.<\/p>\n\n\n\n<p>\u00c5r 1975 startade Marriage Encounter i de lutherska f\u00f6rsamlingarna i USA. R\u00f6relsen kom till Norge via USA \u00e5r 1982 och fick d\u00e4r namnet Ekteskapsdialog. Fr\u00e5n Norge kom den sedan till de \u00f6vriga nordiska l\u00e4nderna och 1987 h\u00f6lls den f\u00f6rsta \u00c4ktenskapsdialog-helgen i Sverige. Hittills har mer \u00e4n 1000 par varit p\u00e5 en s\u00e5dan helg i Sverige.<\/p>\n\n\n\n<p>\u00c4ktenskapsdialog Sverige \u00e4r en helt oberoende ideell f\u00f6rening och vi f\u00e5r inte n\u00e5gra bidrag. Ekonomin bygger helt p\u00e5 frivilliga g\u00e5vor, ideella insatser, medlemsavgifter och vad deltagarna betalar f\u00f6r helgen n\u00e4r de g\u00e5r den. F\u00f6reningen har inga anst\u00e4llda och leds av en styrelse best\u00e5ende av par som sj\u00e4lva g\u00e5tt helgen. Ekonomin \u00e4r satt under revision.<\/p>\n\n\n\n<h2 class=\"wp-block-heading\">L\u00e4s mer om verksamheten i andra l\u00e4nder<\/h2>\n\n\n\n<p><a href=\"https:\/\/www.ekteskapsdialog.no\/\" target=\"_blank\" rel=\"noreferrer noopener\">Norge<\/a><br><a href=\"http:\/\/aegteskabsdialog.dk\/\" target=\"_blank\" rel=\"noreferrer noopener\">Danmark<\/a><br><a href=\"http:\/\/www.hjonahelgi.is\/\">Island<\/a><br><a href=\"http:\/\/www.memennaaneteenpain.fi\/\">Finland<\/a><br><a href=\"https:\/\/wwme.org.uk\/\" target=\"_blank\" rel=\"noreferrer noopener\">England<\/a><br><a href=\"http:\/\/wwme.org\" target=\"_blank\" rel=\"noreferrer noopener\">WWME<\/a> (Wordwide Marriage Encounter)<\/p>\n","protected":false},"excerpt":{"rendered":"<p>Miljoner par \u00f6ver hela v\u00e4rlden har f\u00e5tt uppleva en helg \u00c4ktenskapsdialog startade i Spanien p\u00e5 50-talet. D\u00e5 arrangerades den f\u00f6rsta Marriage Encounter-helgen (som r\u00f6relsen heter internationellt) under ledning av den katolske pr\u00e4sten Gabriel Calvo. Sedan dess har \u00f6ver 2 miljoner gifta par \u00f6ver hela v\u00e4rlden f\u00e5tt uppleva en \u00e4ktenskapshelg. \u00c5r 1975 startade Marriage Encounter i &hellip; <\/p>\n<p class=\"link-more\"><a href=\"https:\/\/www.aktenskapsdialog.se\/?page_id=98\" class=\"more-link\">Forts\u00e4tt l\u00e4sa<span class=\"screen-reader-text\"> \u201dMer om \u00c4ktenskapsdialog\u201d<\/span><\/a><\/p>\n","protected":false},"author":1,"featured_media":0,"parent":0,"menu_order":0,"comment_status":"closed","ping_status":"closed","template":"","meta":{"_monsterinsights_skip_tracking":false,"_monsterinsights_sitenote_active":false,"_monsterinsights_sitenote_note":"","_monsterinsights_sitenote_category":0},"yoast_head":"<!-- This site is optimized with the Yoast SEO plugin v20.5 - https:\/\/yoast.com\/wordpress\/plugins\/seo\/ -->\n<title>Mer om \u00c4ktenskapsdialog - \u00c4ktenskapsdialog Sverige<\/title>\n<meta name=\"robots\" content=\"index, follow, max-snippet:-1, max-image-preview:large, max-video-preview:-1\" \/>\n<link rel=\"canonical\" href=\"https:\/\/test.aktenskapsdialog.se\/?page_id=98\" \/>\n<meta property=\"og:locale\" content=\"sv_SE\" \/>\n<meta property=\"og:type\" content=\"article\" \/>\n<meta property=\"og:title\" content=\"Mer om \u00c4ktenskapsdialog - \u00c4ktenskapsdialog Sverige\" \/>\n<meta property=\"og:description\" content=\"Miljoner par \u00f6ver hela v\u00e4rlden har f\u00e5tt uppleva en helg \u00c4ktenskapsdialog startade i Spanien p\u00e5 50-talet. D\u00e5 arrangerades den f\u00f6rsta Marriage Encounter-helgen (som r\u00f6relsen heter internationellt) under ledning av den katolske pr\u00e4sten Gabriel Calvo. Sedan dess har \u00f6ver 2 miljoner gifta par \u00f6ver hela v\u00e4rlden f\u00e5tt uppleva en \u00e4ktenskapshelg. \u00c5r 1975 startade Marriage Encounter i &hellip; Forts\u00e4tt l\u00e4sa \u201dMer om \u00c4ktenskapsdialog\u201d\" \/>\n<meta property=\"og:url\" content=\"https:\/\/test.aktenskapsdialog.se\/?page_id=98\" \/>\n<meta property=\"og:site_name\" content=\"\u00c4ktenskapsdialog Sverige\" \/>\n<meta property=\"article:modified_time\" content=\"2023-04-29T14:35:58+00:00\" \/>\n<meta name=\"twitter:card\" content=\"summary_large_image\" \/>\n<meta name=\"twitter:label1\" content=\"Ber\u00e4knad l\u00e4stid\" \/>\n\t<meta name=\"twitter:data1\" content=\"1 minut\" \/>\n<script type=\"application\/ld+json\" class=\"yoast-schema-graph\">{\"@context\":\"https:\/\/schema.org\",\"@graph\":[{\"@type\":\"WebPage\",\"@id\":\"https:\/\/test.aktenskapsdialog.se\/?page_id=98\",\"url\":\"https:\/\/test.aktenskapsdialog.se\/?page_id=98\",\"name\":\"Mer om \u00c4ktenskapsdialog - \u00c4ktenskapsdialog Sverige\",\"isPartOf\":{\"@id\":\"https:\/\/www.aktenskapsdialog.se\/#website\"},\"datePublished\":\"2023-03-12T19:00:48+00:00\",\"dateModified\":\"2023-04-29T14:35:58+00:00\",\"breadcrumb\":{\"@id\":\"https:\/\/test.aktenskapsdialog.se\/?page_id=98#breadcrumb\"},\"inLanguage\":\"sv-SE\",\"potentialAction\":[{\"@type\":\"ReadAction\",\"target\":[\"https:\/\/test.aktenskapsdialog.se\/?page_id=98\"]}]},{\"@type\":\"BreadcrumbList\",\"@id\":\"https:\/\/test.aktenskapsdialog.se\/?page_id=98#breadcrumb\",\"itemListElement\":[{\"@type\":\"ListItem\",\"position\":1,\"name\":\"Home\",\"item\":\"https:\/\/www.aktenskapsdialog.se\/\"},{\"@type\":\"ListItem\",\"position\":2,\"name\":\"Mer om \u00c4ktenskapsdialog\"}]},{\"@type\":\"WebSite\",\"@id\":\"https:\/\/www.aktenskapsdialog.se\/#website\",\"url\":\"https:\/\/www.aktenskapsdialog.se\/\",\"name\":\"\u00c4ktenskapsdialog Sverige\",\"description\":\"Friskv\u00e5rd i \u00e4ktenskapet\",\"publisher\":{\"@id\":\"https:\/\/www.aktenskapsdialog.se\/#organization\"},\"potentialAction\":[{\"@type\":\"SearchAction\",\"target\":{\"@type\":\"EntryPoint\",\"urlTemplate\":\"https:\/\/www.aktenskapsdialog.se\/?s={search_term_string}\"},\"query-input\":\"required name=search_term_string\"}],\"inLanguage\":\"sv-SE\"},{\"@type\":\"Organization\",\"@id\":\"https:\/\/www.aktenskapsdialog.se\/#organization\",\"name\":\"\u00c4ktenskapsdialog Sverige\",\"url\":\"https:\/\/www.aktenskapsdialog.se\/\",\"logo\":{\"@type\":\"ImageObject\",\"inLanguage\":\"sv-SE\",\"@id\":\"https:\/\/www.aktenskapsdialog.se\/#\/schema\/logo\/image\/\",\"url\":\"https:\/\/www.aktenskapsdialog.se\/wp-content\/uploads\/2023\/03\/cropped-WWME_Logo_Icon_RGB.png\",\"contentUrl\":\"https:\/\/www.aktenskapsdialog.se\/wp-content\/uploads\/2023\/03\/cropped-WWME_Logo_Icon_RGB.png\",\"width\":208,\"height\":250,\"caption\":\"\u00c4ktenskapsdialog Sverige\"},\"image\":{\"@id\":\"https:\/\/www.aktenskapsdialog.se\/#\/schema\/logo\/image\/\"}}]}<\/script>\n<!-- \/ Yoast SEO plugin. -->","yoast_head_json":{"title":"Mer om \u00c4ktenskapsdialog - \u00c4ktenskapsdialog Sverige","robots":{"index":"index","follow":"follow","max-snippet":"max-snippet:-1","max-image-preview":"max-image-preview:large","max-video-preview":"max-video-preview:-1"},"canonical":"https:\/\/test.aktenskapsdialog.se\/?page_id=98","og_locale":"sv_SE","og_type":"article","og_title":"Mer om \u00c4ktenskapsdialog - \u00c4ktenskapsdialog Sverige","og_description":"Miljoner par \u00f6ver hela v\u00e4rlden har f\u00e5tt uppleva en helg \u00c4ktenskapsdialog startade i Spanien p\u00e5 50-talet. D\u00e5 arrangerades den f\u00f6rsta Marriage Encounter-helgen (som r\u00f6relsen heter internationellt) under ledning av den katolske pr\u00e4sten Gabriel Calvo. Sedan dess har \u00f6ver 2 miljoner gifta par \u00f6ver hela v\u00e4rlden f\u00e5tt uppleva en \u00e4ktenskapshelg. \u00c5r 1975 startade Marriage Encounter i &hellip; Forts\u00e4tt l\u00e4sa \u201dMer om \u00c4ktenskapsdialog\u201d","og_url":"https:\/\/test.aktenskapsdialog.se\/?page_id=98","og_site_name":"\u00c4ktenskapsdialog Sverige","article_modified_time":"2023-04-29T14:35:58+00:00","twitter_card":"summary_large_image","twitter_misc":{"Ber\u00e4knad l\u00e4stid":"1 minut"},"schema":{"@context":"https:\/\/schema.org","@graph":[{"@type":"WebPage","@id":"https:\/\/test.aktenskapsdialog.se\/?page_id=98","url":"https:\/\/test.aktenskapsdialog.se\/?page_id=98","name":"Mer om \u00c4ktenskapsdialog - \u00c4ktenskapsdialog Sverige","isPartOf":{"@id":"https:\/\/www.aktenskapsdialog.se\/#website"},"datePublished":"2023-03-12T19:00:48+00:00","dateModified":"2023-04-29T14:35:58+00:00","breadcrumb":{"@id":"https:\/\/test.aktenskapsdialog.se\/?page_id=98#breadcrumb"},"inLanguage":"sv-SE","potentialAction":[{"@type":"ReadAction","target":["https:\/\/test.aktenskapsdialog.se\/?page_id=98"]}]},{"@type":"BreadcrumbList","@id":"https:\/\/test.aktenskapsdialog.se\/?page_id=98#breadcrumb","itemListElement":[{"@type":"ListItem","position":1,"name":"Home","item":"https:\/\/www.aktenskapsdialog.se\/"},{"@type":"ListItem","position":2,"name":"Mer om \u00c4ktenskapsdialog"}]},{"@type":"WebSite","@id":"https:\/\/www.aktenskapsdialog.se\/#website","url":"https:\/\/www.aktenskapsdialog.se\/","name":"\u00c4ktenskapsdialog Sverige","description":"Friskv\u00e5rd i \u00e4ktenskapet","publisher":{"@id":"https:\/\/www.aktenskapsdialog.se\/#organization"},"potentialAction":[{"@type":"SearchAction","target":{"@type":"EntryPoint","urlTemplate":"https:\/\/www.aktenskapsdialog.se\/?s={search_term_string}"},"query-input":"required name=search_term_string"}],"inLanguage":"sv-SE"},{"@type":"Organization","@id":"https:\/\/www.aktenskapsdialog.se\/#organization","name":"\u00c4ktenskapsdialog Sverige","url":"https:\/\/www.aktenskapsdialog.se\/","logo":{"@type":"ImageObject","inLanguage":"sv-SE","@id":"https:\/\/www.aktenskapsdialog.se\/#\/schema\/logo\/image\/","url":"https:\/\/www.aktenskapsdialog.se\/wp-content\/uploads\/2023\/03\/cropped-WWME_Logo_Icon_RGB.png","contentUrl":"https:\/\/www.aktenskapsdialog.se\/wp-content\/uploads\/2023\/03\/cropped-WWME_Logo_Icon_RGB.png","width":208,"height":250,"caption":"\u00c4ktenskapsdialog Sverige"},"image":{"@id":"https:\/\/www.aktenskapsdialog.se\/#\/schema\/logo\/image\/"}}]}},"_links":{"self":[{"href":"https:\/\/www.aktenskapsdialog.se\/index.php?rest_route=\/wp\/v2\/pages\/98"}],"collection":[{"href":"https:\/\/www.aktenskapsdialog.se\/index.php?rest_route=\/wp\/v2\/pages"}],"about":[{"href":"https:\/\/www.aktenskapsdialog.se\/index.php?rest_route=\/wp\/v2\/types\/page"}],"author":[{"embeddable":true,"href":"https:\/\/www.aktenskapsdialog.se\/index.php?rest_route=\/wp\/v2\/users\/1"}],"replies":[{"embeddable":true,"href":"https:\/\/www.aktenskapsdialog.se\/index.php?rest_route=%2Fwp%2Fv2%2Fcomments&post=98"}],"version-history":[{"count":4,"href":"https:\/\/www.aktenskapsdialog.se\/index.php?rest_route=\/wp\/v2\/pages\/98\/revisions"}],"predecessor-version":[{"id":211,"href":"https:\/\/www.aktenskapsdialog.se\/index.php?rest_route=\/wp\/v2\/pages\/98\/revisions\/211"}],"wp:attachment":[{"href":"https:\/\/www.aktenskapsdialog.se\/index.php?rest_route=%2Fwp%2Fv2%2Fmedia&parent=98"}],"curies":[{"name":"wp","href":"https:\/\/api.w.org\/{rel}","templated":true}]}}