{"id":80,"date":"2023-03-11T18:50:37","date_gmt":"2023-03-11T17:50:37","guid":{"rendered":"http:\/\/test.aktenskapsdialog.se\/?page_id=80"},"modified":"2025-11-17T07:50:37","modified_gmt":"2025-11-17T06:50:37","slug":"kommande-helger","status":"publish","type":"page","link":"https:\/\/www.aktenskapsdialog.se\/?page_id=80","title":{"rendered":"Kommande helger"},"content":{"rendered":"\n<div class=\"wp-block-columns is-layout-flex wp-container-2\">\n<div class=\"wp-block-column is-layout-flow\">\n<div class=\"wp-block-cover is-light\"><span aria-hidden=\"true\" class=\"wp-block-cover__background has-background-dim\"><\/span><img decoding=\"async\" loading=\"lazy\" width=\"1024\" height=\"691\" class=\"wp-block-cover__image-background wp-image-81\" alt=\"\" src=\"http:\/\/test.aktenskapsdialog.se\/wp-content\/uploads\/2023\/03\/Tallnas-1024x691.jpg\" data-object-fit=\"cover\" srcset=\"https:\/\/www.aktenskapsdialog.se\/wp-content\/uploads\/2023\/03\/Tallnas-1024x691.jpg 1024w, https:\/\/www.aktenskapsdialog.se\/wp-content\/uploads\/2023\/03\/Tallnas-300x202.jpg 300w, https:\/\/www.aktenskapsdialog.se\/wp-content\/uploads\/2023\/03\/Tallnas-768x518.jpg 768w, https:\/\/www.aktenskapsdialog.se\/wp-content\/uploads\/2023\/03\/Tallnas.jpg 1476w\" sizes=\"(max-width: 767px) 89vw, (max-width: 1000px) 54vw, (max-width: 1071px) 543px, 580px\" \/><div class=\"wp-block-cover__inner-container\">\n<p><\/p>\n\n\n\n<h1 class=\"wp-block-heading has-white-color has-text-color\">13-15 november 2026 Anm\u00e4lan \u00f6ppen<\/h1>\n\n\n\n<p><\/p>\n\n\n\n<p class=\"has-text-align-left has-white-color has-text-color has-large-font-size\"><em>EFS-g\u00e5rden, \u00c5sljunga<\/em><\/p>\n<\/div><\/div>\n<\/div>\n<\/div>\n","protected":false},"excerpt":{"rendered":"","protected":false},"author":1,"featured_media":0,"parent":0,"menu_order":0,"comment_status":"closed","ping_status":"closed","template":"","meta":{"_monsterinsights_skip_tracking":false,"_monsterinsights_sitenote_active":false,"_monsterinsights_sitenote_note":"","_monsterinsights_sitenote_category":0},"yoast_head":"<!-- This site is optimized with the Yoast SEO plugin v20.5 - https:\/\/yoast.com\/wordpress\/plugins\/seo\/ -->\n<title>Kommande helger - \u00c4ktenskapsdialog Sverige<\/title>\n<meta name=\"robots\" content=\"index, follow, max-snippet:-1, max-image-preview:large, max-video-preview:-1\" \/>\n<link rel=\"canonical\" href=\"https:\/\/www.aktenskapsdialog.se\/?page_id=80\" \/>\n<meta property=\"og:locale\" content=\"sv_SE\" \/>\n<meta property=\"og:type\" content=\"article\" \/>\n<meta property=\"og:title\" content=\"Kommande helger - \u00c4ktenskapsdialog Sverige\" \/>\n<meta property=\"og:url\" content=\"https:\/\/www.aktenskapsdialog.se\/?page_id=80\" \/>\n<meta property=\"og:site_name\" content=\"\u00c4ktenskapsdialog Sverige\" \/>\n<meta property=\"article:modified_time\" content=\"2025-11-17T06:50:37+00:00\" \/>\n<meta property=\"og:image\" content=\"http:\/\/test.aktenskapsdialog.se\/wp-content\/uploads\/2023\/03\/Tallnas-1024x691.jpg\" \/>\n<meta name=\"twitter:card\" content=\"summary_large_image\" \/>\n<meta name=\"twitter:label1\" content=\"Ber\u00e4knad l\u00e4stid\" \/>\n\t<meta name=\"twitter:data1\" content=\"1 minut\" \/>\n<script type=\"application\/ld+json\" class=\"yoast-schema-graph\">{\"@context\":\"https:\/\/schema.org\",\"@graph\":[{\"@type\":\"WebPage\",\"@id\":\"https:\/\/www.aktenskapsdialog.se\/?page_id=80\",\"url\":\"https:\/\/www.aktenskapsdialog.se\/?page_id=80\",\"name\":\"Kommande helger - \u00c4ktenskapsdialog Sverige\",\"isPartOf\":{\"@id\":\"https:\/\/www.aktenskapsdialog.se\/#website\"},\"datePublished\":\"2023-03-11T17:50:37+00:00\",\"dateModified\":\"2025-11-17T06:50:37+00:00\",\"breadcrumb\":{\"@id\":\"https:\/\/www.aktenskapsdialog.se\/?page_id=80#breadcrumb\"},\"inLanguage\":\"sv-SE\",\"potentialAction\":[{\"@type\":\"ReadAction\",\"target\":[\"https:\/\/www.aktenskapsdialog.se\/?page_id=80\"]}]},{\"@type\":\"BreadcrumbList\",\"@id\":\"https:\/\/www.aktenskapsdialog.se\/?page_id=80#breadcrumb\",\"itemListElement\":[{\"@type\":\"ListItem\",\"position\":1,\"name\":\"Home\",\"item\":\"https:\/\/www.aktenskapsdialog.se\/\"},{\"@type\":\"ListItem\",\"position\":2,\"name\":\"Kommande helger\"}]},{\"@type\":\"WebSite\",\"@id\":\"https:\/\/www.aktenskapsdialog.se\/#website\",\"url\":\"https:\/\/www.aktenskapsdialog.se\/\",\"name\":\"\u00c4ktenskapsdialog Sverige\",\"description\":\"Friskv\u00e5rd i \u00e4ktenskapet\",\"publisher\":{\"@id\":\"https:\/\/www.aktenskapsdialog.se\/#organization\"},\"potentialAction\":[{\"@type\":\"SearchAction\",\"target\":{\"@type\":\"EntryPoint\",\"urlTemplate\":\"https:\/\/www.aktenskapsdialog.se\/?s={search_term_string}\"},\"query-input\":\"required name=search_term_string\"}],\"inLanguage\":\"sv-SE\"},{\"@type\":\"Organization\",\"@id\":\"https:\/\/www.aktenskapsdialog.se\/#organization\",\"name\":\"\u00c4ktenskapsdialog Sverige\",\"url\":\"https:\/\/www.aktenskapsdialog.se\/\",\"logo\":{\"@type\":\"ImageObject\",\"inLanguage\":\"sv-SE\",\"@id\":\"https:\/\/www.aktenskapsdialog.se\/#\/schema\/logo\/image\/\",\"url\":\"https:\/\/www.aktenskapsdialog.se\/wp-content\/uploads\/2023\/03\/cropped-WWME_Logo_Icon_RGB.png\",\"contentUrl\":\"https:\/\/www.aktenskapsdialog.se\/wp-content\/uploads\/2023\/03\/cropped-WWME_Logo_Icon_RGB.png\",\"width\":208,\"height\":250,\"caption\":\"\u00c4ktenskapsdialog Sverige\"},\"image\":{\"@id\":\"https:\/\/www.aktenskapsdialog.se\/#\/schema\/logo\/image\/\"}}]}<\/script>\n<!-- \/ Yoast SEO plugin. -->","yoast_head_json":{"title":"Kommande helger - \u00c4ktenskapsdialog Sverige","robots":{"index":"index","follow":"follow","max-snippet":"max-snippet:-1","max-image-preview":"max-image-preview:large","max-video-preview":"max-video-preview:-1"},"canonical":"https:\/\/www.aktenskapsdialog.se\/?page_id=80","og_locale":"sv_SE","og_type":"article","og_title":"Kommande helger - \u00c4ktenskapsdialog Sverige","og_url":"https:\/\/www.aktenskapsdialog.se\/?page_id=80","og_site_name":"\u00c4ktenskapsdialog Sverige","article_modified_time":"2025-11-17T06:50:37+00:00","og_image":[{"url":"http:\/\/test.aktenskapsdialog.se\/wp-content\/uploads\/2023\/03\/Tallnas-1024x691.jpg"}],"twitter_card":"summary_large_image","twitter_misc":{"Ber\u00e4knad l\u00e4stid":"1 minut"},"schema":{"@context":"https:\/\/schema.org","@graph":[{"@type":"WebPage","@id":"https:\/\/www.aktenskapsdialog.se\/?page_id=80","url":"https:\/\/www.aktenskapsdialog.se\/?page_id=80","name":"Kommande helger - \u00c4ktenskapsdialog Sverige","isPartOf":{"@id":"https:\/\/www.aktenskapsdialog.se\/#website"},"datePublished":"2023-03-11T17:50:37+00:00","dateModified":"2025-11-17T06:50:37+00:00","breadcrumb":{"@id":"https:\/\/www.aktenskapsdialog.se\/?page_id=80#breadcrumb"},"inLanguage":"sv-SE","potentialAction":[{"@type":"ReadAction","target":["https:\/\/www.aktenskapsdialog.se\/?page_id=80"]}]},{"@type":"BreadcrumbList","@id":"https:\/\/www.aktenskapsdialog.se\/?page_id=80#breadcrumb","itemListElement":[{"@type":"ListItem","position":1,"name":"Home","item":"https:\/\/www.aktenskapsdialog.se\/"},{"@type":"ListItem","position":2,"name":"Kommande helger"}]},{"@type":"WebSite","@id":"https:\/\/www.aktenskapsdialog.se\/#website","url":"https:\/\/www.aktenskapsdialog.se\/","name":"\u00c4ktenskapsdialog Sverige","description":"Friskv\u00e5rd i \u00e4ktenskapet","publisher":{"@id":"https:\/\/www.aktenskapsdialog.se\/#organization"},"potentialAction":[{"@type":"SearchAction","target":{"@type":"EntryPoint","urlTemplate":"https:\/\/www.aktenskapsdialog.se\/?s={search_term_string}"},"query-input":"required name=search_term_string"}],"inLanguage":"sv-SE"},{"@type":"Organization","@id":"https:\/\/www.aktenskapsdialog.se\/#organization","name":"\u00c4ktenskapsdialog Sverige","url":"https:\/\/www.aktenskapsdialog.se\/","logo":{"@type":"ImageObject","inLanguage":"sv-SE","@id":"https:\/\/www.aktenskapsdialog.se\/#\/schema\/logo\/image\/","url":"https:\/\/www.aktenskapsdialog.se\/wp-content\/uploads\/2023\/03\/cropped-WWME_Logo_Icon_RGB.png","contentUrl":"https:\/\/www.aktenskapsdialog.se\/wp-content\/uploads\/2023\/03\/cropped-WWME_Logo_Icon_RGB.png","width":208,"height":250,"caption":"\u00c4ktenskapsdialog Sverige"},"image":{"@id":"https:\/\/www.aktenskapsdialog.se\/#\/schema\/logo\/image\/"}}]}},"_links":{"self":[{"href":"https:\/\/www.aktenskapsdialog.se\/index.php?rest_route=\/wp\/v2\/pages\/80"}],"collection":[{"href":"https:\/\/www.aktenskapsdialog.se\/index.php?rest_route=\/wp\/v2\/pages"}],"about":[{"href":"https:\/\/www.aktenskapsdialog.se\/index.php?rest_route=\/wp\/v2\/types\/page"}],"author":[{"embeddable":true,"href":"https:\/\/www.aktenskapsdialog.se\/index.php?rest_route=\/wp\/v2\/users\/1"}],"replies":[{"embeddable":true,"href":"https:\/\/www.aktenskapsdialog.se\/index.php?rest_route=%2Fwp%2Fv2%2Fcomments&post=80"}],"version-history":[{"count":6,"href":"https:\/\/www.aktenskapsdialog.se\/index.php?rest_route=\/wp\/v2\/pages\/80\/revisions"}],"predecessor-version":[{"id":312,"href":"https:\/\/www.aktenskapsdialog.se\/index.php?rest_route=\/wp\/v2\/pages\/80\/revisions\/312"}],"wp:attachment":[{"href":"https:\/\/www.aktenskapsdialog.se\/index.php?rest_route=%2Fwp%2Fv2%2Fmedia&parent=80"}],"curies":[{"name":"wp","href":"https:\/\/api.w.org\/{rel}","templated":true}]}}