{"id":77,"date":"2023-03-11T18:51:14","date_gmt":"2023-03-11T17:51:14","guid":{"rendered":"http:\/\/test.aktenskapsdialog.se\/?page_id=77"},"modified":"2026-01-13T15:35:58","modified_gmt":"2026-01-13T14:35:58","slug":"satsa-pa-friskvard-for-ert-aktenskap","status":"publish","type":"page","link":"https:\/\/www.aktenskapsdialog.se\/","title":{"rendered":""},"content":{"rendered":"\n<h2 class=\"wp-block-heading\">\u00c5rsm\u00f6te!<\/h2>\n\n\n\n<p>V\u00e4lkommen till \u00e5rsm\u00f6te online, m\u00e5ndagen 9\/3 kl.20.00! <\/p>\n\n\n\n<p>F\u00f6r anm\u00e4lan och tillg\u00e5ng till l\u00e4nk, anm\u00e4l dig via info@aktenskapsdialog.se<\/p>\n\n\n\n<p><\/p>\n\n\n\n<h2 class=\"wp-block-heading\">Satsa p\u00e5 friskv\u00e5rd f\u00f6r ert \u00e4ktenskap!<\/h2>\n\n\n\n<p>\u201d<em>Vi fick ett helt nytt \u00e4ktenskap.<\/em>\u201d<br>\u201d<em>\u00c4ntligen har vi hittat ett s\u00e4tt att kommunicera med varandra<\/em>.\u201d<\/p>\n\n\n\n<p>Det \u00e4r n\u00e5gra reaktioner fr\u00e5n de \u00f6ver 1&nbsp;000 par som f\u00e5tt uppleva en helg med \u00c4ktenskapsdialog i Sverige. En helg med friskv\u00e5rd f\u00f6r ert \u00e4ktenskap.&nbsp;<\/p>\n\n\n\n<p>Precis som en bil s\u00e5 beh\u00f6ver ett \u00e4ktenskap servas ibland. Att v\u00e5rda och investera i den viktigaste relationen vi har, minskar risken f\u00f6r att den g\u00e5r s\u00f6nder och ist\u00e4llet h\u00e5ller i m\u00e5nga mil.<\/p>\n\n\n\n<p>Under helgen f\u00e5r ni chansen att l\u00e4ra k\u00e4nna varandra p\u00e5 djupet, f\u00e5 nya redskap att kommunicera men ocks\u00e5 f\u00e5 vara med om n\u00e5got som m\u00e5nga beskriver som en upplevelse. Alla tar emot helgen p\u00e5 olika s\u00e4tt &#8211; f\u00e5 \u00e4r ober\u00f6rda. Kanske har ni det redan bra? Fint, d\u00e5 har ni chansen att f\u00e5 det \u00e4nnu b\u00e4ttre!<\/p>\n\n\n\n<p><\/p>\n\n\n\n<p><a href=\"https:\/\/www.aktenskapsdialog.se\/?page_id=180\">Boka en helg nu!<\/a> <\/p>\n","protected":false},"excerpt":{"rendered":"<p>\u00c5rsm\u00f6te! V\u00e4lkommen till \u00e5rsm\u00f6te online, m\u00e5ndagen 9\/3 kl.20.00! F\u00f6r anm\u00e4lan och tillg\u00e5ng till l\u00e4nk, anm\u00e4l dig via info@aktenskapsdialog.se Satsa p\u00e5 friskv\u00e5rd f\u00f6r ert \u00e4ktenskap! \u201dVi fick ett helt nytt \u00e4ktenskap.\u201d\u201d\u00c4ntligen har vi hittat ett s\u00e4tt att kommunicera med varandra.\u201d Det \u00e4r n\u00e5gra reaktioner fr\u00e5n de \u00f6ver 1&nbsp;000 par som f\u00e5tt uppleva en helg med \u00c4ktenskapsdialog &hellip; <\/p>\n<p class=\"link-more\"><a href=\"https:\/\/www.aktenskapsdialog.se\/\" class=\"more-link\">Forts\u00e4tt l\u00e4sa<span class=\"screen-reader-text\"> \u201d\u201d<\/span><\/a><\/p>\n","protected":false},"author":1,"featured_media":0,"parent":0,"menu_order":0,"comment_status":"closed","ping_status":"closed","template":"","meta":{"_monsterinsights_skip_tracking":false,"_monsterinsights_sitenote_active":false,"_monsterinsights_sitenote_note":"","_monsterinsights_sitenote_category":0},"yoast_head":"<!-- This site is optimized with the Yoast SEO plugin v20.5 - https:\/\/yoast.com\/wordpress\/plugins\/seo\/ -->\n<title>- \u00c4ktenskapsdialog Sverige<\/title>\n<meta name=\"robots\" content=\"index, follow, max-snippet:-1, max-image-preview:large, max-video-preview:-1\" \/>\n<link rel=\"canonical\" href=\"https:\/\/www.aktenskapsdialog.se\/\" \/>\n<meta property=\"og:locale\" content=\"sv_SE\" \/>\n<meta property=\"og:type\" content=\"article\" \/>\n<meta property=\"og:title\" content=\"- \u00c4ktenskapsdialog Sverige\" \/>\n<meta property=\"og:description\" content=\"\u00c5rsm\u00f6te! V\u00e4lkommen till \u00e5rsm\u00f6te online, m\u00e5ndagen 9\/3 kl.20.00! F\u00f6r anm\u00e4lan och tillg\u00e5ng till l\u00e4nk, anm\u00e4l dig via info@aktenskapsdialog.se Satsa p\u00e5 friskv\u00e5rd f\u00f6r ert \u00e4ktenskap! \u201dVi fick ett helt nytt \u00e4ktenskap.\u201d\u201d\u00c4ntligen har vi hittat ett s\u00e4tt att kommunicera med varandra.\u201d Det \u00e4r n\u00e5gra reaktioner fr\u00e5n de \u00f6ver 1&nbsp;000 par som f\u00e5tt uppleva en helg med \u00c4ktenskapsdialog &hellip; Forts\u00e4tt l\u00e4sa \u201d\u201d\" \/>\n<meta property=\"og:url\" content=\"https:\/\/www.aktenskapsdialog.se\/\" \/>\n<meta property=\"og:site_name\" content=\"\u00c4ktenskapsdialog Sverige\" \/>\n<meta property=\"article:modified_time\" content=\"2026-01-13T14:35:58+00:00\" \/>\n<meta name=\"twitter:card\" content=\"summary_large_image\" \/>\n<meta name=\"twitter:label1\" content=\"Ber\u00e4knad l\u00e4stid\" \/>\n\t<meta name=\"twitter:data1\" content=\"1 minut\" \/>\n<script type=\"application\/ld+json\" class=\"yoast-schema-graph\">{\"@context\":\"https:\/\/schema.org\",\"@graph\":[{\"@type\":\"WebPage\",\"@id\":\"https:\/\/www.aktenskapsdialog.se\/\",\"url\":\"https:\/\/www.aktenskapsdialog.se\/\",\"name\":\"- \u00c4ktenskapsdialog Sverige\",\"isPartOf\":{\"@id\":\"https:\/\/www.aktenskapsdialog.se\/#website\"},\"datePublished\":\"2023-03-11T17:51:14+00:00\",\"dateModified\":\"2026-01-13T14:35:58+00:00\",\"inLanguage\":\"sv-SE\",\"potentialAction\":[{\"@type\":\"ReadAction\",\"target\":[\"https:\/\/www.aktenskapsdialog.se\/\"]}]},{\"@type\":\"WebSite\",\"@id\":\"https:\/\/www.aktenskapsdialog.se\/#website\",\"url\":\"https:\/\/www.aktenskapsdialog.se\/\",\"name\":\"\u00c4ktenskapsdialog Sverige\",\"description\":\"Friskv\u00e5rd i \u00e4ktenskapet\",\"publisher\":{\"@id\":\"https:\/\/www.aktenskapsdialog.se\/#organization\"},\"potentialAction\":[{\"@type\":\"SearchAction\",\"target\":{\"@type\":\"EntryPoint\",\"urlTemplate\":\"https:\/\/www.aktenskapsdialog.se\/?s={search_term_string}\"},\"query-input\":\"required name=search_term_string\"}],\"inLanguage\":\"sv-SE\"},{\"@type\":\"Organization\",\"@id\":\"https:\/\/www.aktenskapsdialog.se\/#organization\",\"name\":\"\u00c4ktenskapsdialog Sverige\",\"url\":\"https:\/\/www.aktenskapsdialog.se\/\",\"logo\":{\"@type\":\"ImageObject\",\"inLanguage\":\"sv-SE\",\"@id\":\"https:\/\/www.aktenskapsdialog.se\/#\/schema\/logo\/image\/\",\"url\":\"https:\/\/www.aktenskapsdialog.se\/wp-content\/uploads\/2023\/03\/cropped-WWME_Logo_Icon_RGB.png\",\"contentUrl\":\"https:\/\/www.aktenskapsdialog.se\/wp-content\/uploads\/2023\/03\/cropped-WWME_Logo_Icon_RGB.png\",\"width\":208,\"height\":250,\"caption\":\"\u00c4ktenskapsdialog Sverige\"},\"image\":{\"@id\":\"https:\/\/www.aktenskapsdialog.se\/#\/schema\/logo\/image\/\"}}]}<\/script>\n<!-- \/ Yoast SEO plugin. -->","yoast_head_json":{"title":"- \u00c4ktenskapsdialog Sverige","robots":{"index":"index","follow":"follow","max-snippet":"max-snippet:-1","max-image-preview":"max-image-preview:large","max-video-preview":"max-video-preview:-1"},"canonical":"https:\/\/www.aktenskapsdialog.se\/","og_locale":"sv_SE","og_type":"article","og_title":"- \u00c4ktenskapsdialog Sverige","og_description":"\u00c5rsm\u00f6te! V\u00e4lkommen till \u00e5rsm\u00f6te online, m\u00e5ndagen 9\/3 kl.20.00! F\u00f6r anm\u00e4lan och tillg\u00e5ng till l\u00e4nk, anm\u00e4l dig via info@aktenskapsdialog.se Satsa p\u00e5 friskv\u00e5rd f\u00f6r ert \u00e4ktenskap! \u201dVi fick ett helt nytt \u00e4ktenskap.\u201d\u201d\u00c4ntligen har vi hittat ett s\u00e4tt att kommunicera med varandra.\u201d Det \u00e4r n\u00e5gra reaktioner fr\u00e5n de \u00f6ver 1&nbsp;000 par som f\u00e5tt uppleva en helg med \u00c4ktenskapsdialog &hellip; Forts\u00e4tt l\u00e4sa \u201d\u201d","og_url":"https:\/\/www.aktenskapsdialog.se\/","og_site_name":"\u00c4ktenskapsdialog Sverige","article_modified_time":"2026-01-13T14:35:58+00:00","twitter_card":"summary_large_image","twitter_misc":{"Ber\u00e4knad l\u00e4stid":"1 minut"},"schema":{"@context":"https:\/\/schema.org","@graph":[{"@type":"WebPage","@id":"https:\/\/www.aktenskapsdialog.se\/","url":"https:\/\/www.aktenskapsdialog.se\/","name":"- \u00c4ktenskapsdialog Sverige","isPartOf":{"@id":"https:\/\/www.aktenskapsdialog.se\/#website"},"datePublished":"2023-03-11T17:51:14+00:00","dateModified":"2026-01-13T14:35:58+00:00","inLanguage":"sv-SE","potentialAction":[{"@type":"ReadAction","target":["https:\/\/www.aktenskapsdialog.se\/"]}]},{"@type":"WebSite","@id":"https:\/\/www.aktenskapsdialog.se\/#website","url":"https:\/\/www.aktenskapsdialog.se\/","name":"\u00c4ktenskapsdialog Sverige","description":"Friskv\u00e5rd i \u00e4ktenskapet","publisher":{"@id":"https:\/\/www.aktenskapsdialog.se\/#organization"},"potentialAction":[{"@type":"SearchAction","target":{"@type":"EntryPoint","urlTemplate":"https:\/\/www.aktenskapsdialog.se\/?s={search_term_string}"},"query-input":"required name=search_term_string"}],"inLanguage":"sv-SE"},{"@type":"Organization","@id":"https:\/\/www.aktenskapsdialog.se\/#organization","name":"\u00c4ktenskapsdialog Sverige","url":"https:\/\/www.aktenskapsdialog.se\/","logo":{"@type":"ImageObject","inLanguage":"sv-SE","@id":"https:\/\/www.aktenskapsdialog.se\/#\/schema\/logo\/image\/","url":"https:\/\/www.aktenskapsdialog.se\/wp-content\/uploads\/2023\/03\/cropped-WWME_Logo_Icon_RGB.png","contentUrl":"https:\/\/www.aktenskapsdialog.se\/wp-content\/uploads\/2023\/03\/cropped-WWME_Logo_Icon_RGB.png","width":208,"height":250,"caption":"\u00c4ktenskapsdialog Sverige"},"image":{"@id":"https:\/\/www.aktenskapsdialog.se\/#\/schema\/logo\/image\/"}}]}},"_links":{"self":[{"href":"https:\/\/www.aktenskapsdialog.se\/index.php?rest_route=\/wp\/v2\/pages\/77"}],"collection":[{"href":"https:\/\/www.aktenskapsdialog.se\/index.php?rest_route=\/wp\/v2\/pages"}],"about":[{"href":"https:\/\/www.aktenskapsdialog.se\/index.php?rest_route=\/wp\/v2\/types\/page"}],"author":[{"embeddable":true,"href":"https:\/\/www.aktenskapsdialog.se\/index.php?rest_route=\/wp\/v2\/users\/1"}],"replies":[{"embeddable":true,"href":"https:\/\/www.aktenskapsdialog.se\/index.php?rest_route=%2Fwp%2Fv2%2Fcomments&post=77"}],"version-history":[{"count":5,"href":"https:\/\/www.aktenskapsdialog.se\/index.php?rest_route=\/wp\/v2\/pages\/77\/revisions"}],"predecessor-version":[{"id":318,"href":"https:\/\/www.aktenskapsdialog.se\/index.php?rest_route=\/wp\/v2\/pages\/77\/revisions\/318"}],"wp:attachment":[{"href":"https:\/\/www.aktenskapsdialog.se\/index.php?rest_route=%2Fwp%2Fv2%2Fmedia&parent=77"}],"curies":[{"name":"wp","href":"https:\/\/api.w.org\/{rel}","templated":true}]}}