{"id":235,"date":"2023-08-28T21:09:39","date_gmt":"2023-08-28T19:09:39","guid":{"rendered":"https:\/\/www.aktenskapsdialog.se\/?page_id=235"},"modified":"2023-08-28T21:09:51","modified_gmt":"2023-08-28T19:09:51","slug":"vad-kostar-en-helg","status":"publish","type":"page","link":"https:\/\/www.aktenskapsdialog.se\/?page_id=235","title":{"rendered":"Vad kostar en helg?"},"content":{"rendered":"\n<p>Allt arbete inom \u00c4ktenskapsdialog \u00e4r ideellt men f\u00f6r att arrangera en helg beh\u00f6vs bland annat mat, logi, material och konferenslokal. <\/p>\n\n\n\n<p>Om ni bokar en helg s\u00e5 \u00e4r den redan finansierad av de par som g\u00e5tt helgen innan. P\u00e5 samma s\u00e4tt har ni m\u00f6jlighet att vara med och finansiera kommande helger.<\/p>\n\n\n\n<p> I slutet helgen f\u00e5r varje par m\u00f6jlighet att tillsammans best\u00e4mma vilken summa ni vill och kan betala. Det finns ocks\u00e5 m\u00f6jlighet att dela upp betalningen p\u00e5 tre m\u00e5nader. <\/p>\n\n\n\n<p>F\u00f6r oss \u00e4r det viktigt att inget par ska beh\u00f6va avst\u00e5 en helg av ekonomiska sk\u00e4l, men det bygger ocks\u00e5 p\u00e5 att var och en kan bidra efter sin f\u00f6rm\u00e5ga. F\u00f6r att ett par ska kunna g\u00e5 en helg beh\u00f6ver vi f\u00e5 in cirka 5\u00a0500 kronor per par.<\/p>\n\n\n\n<p>Anm\u00e4lningsavgiften p\u00e5 500 kronor ing\u00e5r inte och \u00e5terbetalas inte vid avbokning men g\u00e4ller<br>fortfarande vid eventuell ombokning till n\u00e4stkommande helg.<\/p>\n","protected":false},"excerpt":{"rendered":"<p>Allt arbete inom \u00c4ktenskapsdialog \u00e4r ideellt men f\u00f6r att arrangera en helg beh\u00f6vs bland annat mat, logi, material och konferenslokal. Om ni bokar en helg s\u00e5 \u00e4r den redan finansierad av de par som g\u00e5tt helgen innan. P\u00e5 samma s\u00e4tt har ni m\u00f6jlighet att vara med och finansiera kommande helger. I slutet helgen f\u00e5r varje &hellip; <\/p>\n<p class=\"link-more\"><a href=\"https:\/\/www.aktenskapsdialog.se\/?page_id=235\" class=\"more-link\">Forts\u00e4tt l\u00e4sa<span class=\"screen-reader-text\"> \u201dVad kostar en helg?\u201d<\/span><\/a><\/p>\n","protected":false},"author":1,"featured_media":0,"parent":0,"menu_order":0,"comment_status":"closed","ping_status":"closed","template":"","meta":{"_monsterinsights_skip_tracking":false,"_monsterinsights_sitenote_active":false,"_monsterinsights_sitenote_note":"","_monsterinsights_sitenote_category":0},"yoast_head":"<!-- This site is optimized with the Yoast SEO plugin v20.5 - https:\/\/yoast.com\/wordpress\/plugins\/seo\/ -->\n<title>Vad kostar en helg? - \u00c4ktenskapsdialog Sverige<\/title>\n<meta name=\"robots\" content=\"index, follow, max-snippet:-1, max-image-preview:large, max-video-preview:-1\" \/>\n<link rel=\"canonical\" href=\"https:\/\/www.aktenskapsdialog.se\/?page_id=235\" \/>\n<meta property=\"og:locale\" content=\"sv_SE\" \/>\n<meta property=\"og:type\" content=\"article\" \/>\n<meta property=\"og:title\" content=\"Vad kostar en helg? - \u00c4ktenskapsdialog Sverige\" \/>\n<meta property=\"og:description\" content=\"Allt arbete inom \u00c4ktenskapsdialog \u00e4r ideellt men f\u00f6r att arrangera en helg beh\u00f6vs bland annat mat, logi, material och konferenslokal. Om ni bokar en helg s\u00e5 \u00e4r den redan finansierad av de par som g\u00e5tt helgen innan. P\u00e5 samma s\u00e4tt har ni m\u00f6jlighet att vara med och finansiera kommande helger. I slutet helgen f\u00e5r varje &hellip; Forts\u00e4tt l\u00e4sa \u201dVad kostar en helg?\u201d\" \/>\n<meta property=\"og:url\" content=\"https:\/\/www.aktenskapsdialog.se\/?page_id=235\" \/>\n<meta property=\"og:site_name\" content=\"\u00c4ktenskapsdialog Sverige\" \/>\n<meta property=\"article:modified_time\" content=\"2023-08-28T19:09:51+00:00\" \/>\n<meta name=\"twitter:card\" content=\"summary_large_image\" \/>\n<meta name=\"twitter:label1\" content=\"Ber\u00e4knad l\u00e4stid\" \/>\n\t<meta name=\"twitter:data1\" content=\"1 minut\" \/>\n<script type=\"application\/ld+json\" class=\"yoast-schema-graph\">{\"@context\":\"https:\/\/schema.org\",\"@graph\":[{\"@type\":\"WebPage\",\"@id\":\"https:\/\/www.aktenskapsdialog.se\/?page_id=235\",\"url\":\"https:\/\/www.aktenskapsdialog.se\/?page_id=235\",\"name\":\"Vad kostar en helg? - \u00c4ktenskapsdialog Sverige\",\"isPartOf\":{\"@id\":\"https:\/\/www.aktenskapsdialog.se\/#website\"},\"datePublished\":\"2023-08-28T19:09:39+00:00\",\"dateModified\":\"2023-08-28T19:09:51+00:00\",\"breadcrumb\":{\"@id\":\"https:\/\/www.aktenskapsdialog.se\/?page_id=235#breadcrumb\"},\"inLanguage\":\"sv-SE\",\"potentialAction\":[{\"@type\":\"ReadAction\",\"target\":[\"https:\/\/www.aktenskapsdialog.se\/?page_id=235\"]}]},{\"@type\":\"BreadcrumbList\",\"@id\":\"https:\/\/www.aktenskapsdialog.se\/?page_id=235#breadcrumb\",\"itemListElement\":[{\"@type\":\"ListItem\",\"position\":1,\"name\":\"Home\",\"item\":\"https:\/\/www.aktenskapsdialog.se\/\"},{\"@type\":\"ListItem\",\"position\":2,\"name\":\"Vad kostar en helg?\"}]},{\"@type\":\"WebSite\",\"@id\":\"https:\/\/www.aktenskapsdialog.se\/#website\",\"url\":\"https:\/\/www.aktenskapsdialog.se\/\",\"name\":\"\u00c4ktenskapsdialog Sverige\",\"description\":\"Friskv\u00e5rd i \u00e4ktenskapet\",\"publisher\":{\"@id\":\"https:\/\/www.aktenskapsdialog.se\/#organization\"},\"potentialAction\":[{\"@type\":\"SearchAction\",\"target\":{\"@type\":\"EntryPoint\",\"urlTemplate\":\"https:\/\/www.aktenskapsdialog.se\/?s={search_term_string}\"},\"query-input\":\"required name=search_term_string\"}],\"inLanguage\":\"sv-SE\"},{\"@type\":\"Organization\",\"@id\":\"https:\/\/www.aktenskapsdialog.se\/#organization\",\"name\":\"\u00c4ktenskapsdialog Sverige\",\"url\":\"https:\/\/www.aktenskapsdialog.se\/\",\"logo\":{\"@type\":\"ImageObject\",\"inLanguage\":\"sv-SE\",\"@id\":\"https:\/\/www.aktenskapsdialog.se\/#\/schema\/logo\/image\/\",\"url\":\"https:\/\/www.aktenskapsdialog.se\/wp-content\/uploads\/2023\/03\/cropped-WWME_Logo_Icon_RGB.png\",\"contentUrl\":\"https:\/\/www.aktenskapsdialog.se\/wp-content\/uploads\/2023\/03\/cropped-WWME_Logo_Icon_RGB.png\",\"width\":208,\"height\":250,\"caption\":\"\u00c4ktenskapsdialog Sverige\"},\"image\":{\"@id\":\"https:\/\/www.aktenskapsdialog.se\/#\/schema\/logo\/image\/\"}}]}<\/script>\n<!-- \/ Yoast SEO plugin. -->","yoast_head_json":{"title":"Vad kostar en helg? - \u00c4ktenskapsdialog Sverige","robots":{"index":"index","follow":"follow","max-snippet":"max-snippet:-1","max-image-preview":"max-image-preview:large","max-video-preview":"max-video-preview:-1"},"canonical":"https:\/\/www.aktenskapsdialog.se\/?page_id=235","og_locale":"sv_SE","og_type":"article","og_title":"Vad kostar en helg? - \u00c4ktenskapsdialog Sverige","og_description":"Allt arbete inom \u00c4ktenskapsdialog \u00e4r ideellt men f\u00f6r att arrangera en helg beh\u00f6vs bland annat mat, logi, material och konferenslokal. Om ni bokar en helg s\u00e5 \u00e4r den redan finansierad av de par som g\u00e5tt helgen innan. P\u00e5 samma s\u00e4tt har ni m\u00f6jlighet att vara med och finansiera kommande helger. I slutet helgen f\u00e5r varje &hellip; Forts\u00e4tt l\u00e4sa \u201dVad kostar en helg?\u201d","og_url":"https:\/\/www.aktenskapsdialog.se\/?page_id=235","og_site_name":"\u00c4ktenskapsdialog Sverige","article_modified_time":"2023-08-28T19:09:51+00:00","twitter_card":"summary_large_image","twitter_misc":{"Ber\u00e4knad l\u00e4stid":"1 minut"},"schema":{"@context":"https:\/\/schema.org","@graph":[{"@type":"WebPage","@id":"https:\/\/www.aktenskapsdialog.se\/?page_id=235","url":"https:\/\/www.aktenskapsdialog.se\/?page_id=235","name":"Vad kostar en helg? - \u00c4ktenskapsdialog Sverige","isPartOf":{"@id":"https:\/\/www.aktenskapsdialog.se\/#website"},"datePublished":"2023-08-28T19:09:39+00:00","dateModified":"2023-08-28T19:09:51+00:00","breadcrumb":{"@id":"https:\/\/www.aktenskapsdialog.se\/?page_id=235#breadcrumb"},"inLanguage":"sv-SE","potentialAction":[{"@type":"ReadAction","target":["https:\/\/www.aktenskapsdialog.se\/?page_id=235"]}]},{"@type":"BreadcrumbList","@id":"https:\/\/www.aktenskapsdialog.se\/?page_id=235#breadcrumb","itemListElement":[{"@type":"ListItem","position":1,"name":"Home","item":"https:\/\/www.aktenskapsdialog.se\/"},{"@type":"ListItem","position":2,"name":"Vad kostar en helg?"}]},{"@type":"WebSite","@id":"https:\/\/www.aktenskapsdialog.se\/#website","url":"https:\/\/www.aktenskapsdialog.se\/","name":"\u00c4ktenskapsdialog Sverige","description":"Friskv\u00e5rd i \u00e4ktenskapet","publisher":{"@id":"https:\/\/www.aktenskapsdialog.se\/#organization"},"potentialAction":[{"@type":"SearchAction","target":{"@type":"EntryPoint","urlTemplate":"https:\/\/www.aktenskapsdialog.se\/?s={search_term_string}"},"query-input":"required name=search_term_string"}],"inLanguage":"sv-SE"},{"@type":"Organization","@id":"https:\/\/www.aktenskapsdialog.se\/#organization","name":"\u00c4ktenskapsdialog Sverige","url":"https:\/\/www.aktenskapsdialog.se\/","logo":{"@type":"ImageObject","inLanguage":"sv-SE","@id":"https:\/\/www.aktenskapsdialog.se\/#\/schema\/logo\/image\/","url":"https:\/\/www.aktenskapsdialog.se\/wp-content\/uploads\/2023\/03\/cropped-WWME_Logo_Icon_RGB.png","contentUrl":"https:\/\/www.aktenskapsdialog.se\/wp-content\/uploads\/2023\/03\/cropped-WWME_Logo_Icon_RGB.png","width":208,"height":250,"caption":"\u00c4ktenskapsdialog Sverige"},"image":{"@id":"https:\/\/www.aktenskapsdialog.se\/#\/schema\/logo\/image\/"}}]}},"_links":{"self":[{"href":"https:\/\/www.aktenskapsdialog.se\/index.php?rest_route=\/wp\/v2\/pages\/235"}],"collection":[{"href":"https:\/\/www.aktenskapsdialog.se\/index.php?rest_route=\/wp\/v2\/pages"}],"about":[{"href":"https:\/\/www.aktenskapsdialog.se\/index.php?rest_route=\/wp\/v2\/types\/page"}],"author":[{"embeddable":true,"href":"https:\/\/www.aktenskapsdialog.se\/index.php?rest_route=\/wp\/v2\/users\/1"}],"replies":[{"embeddable":true,"href":"https:\/\/www.aktenskapsdialog.se\/index.php?rest_route=%2Fwp%2Fv2%2Fcomments&post=235"}],"version-history":[{"count":1,"href":"https:\/\/www.aktenskapsdialog.se\/index.php?rest_route=\/wp\/v2\/pages\/235\/revisions"}],"predecessor-version":[{"id":236,"href":"https:\/\/www.aktenskapsdialog.se\/index.php?rest_route=\/wp\/v2\/pages\/235\/revisions\/236"}],"wp:attachment":[{"href":"https:\/\/www.aktenskapsdialog.se\/index.php?rest_route=%2Fwp%2Fv2%2Fmedia&parent=235"}],"curies":[{"name":"wp","href":"https:\/\/api.w.org\/{rel}","templated":true}]}}