{"id":180,"date":"2023-04-19T13:01:28","date_gmt":"2023-04-19T11:01:28","guid":{"rendered":"https:\/\/test.aktenskapsdialog.se\/?page_id=180"},"modified":"2023-04-19T13:01:29","modified_gmt":"2023-04-19T11:01:29","slug":"anmalan","status":"publish","type":"page","link":"https:\/\/www.aktenskapsdialog.se\/?page_id=180","title":{"rendered":"Anm\u00e4lan"},"content":{"rendered":"\n<p>Anm\u00e4lningsavgiften \u00e4r 500 kronor per par och ni s\u00e4tter in det p\u00e5 BG 814-5617, \u00c4ktenskapsdialog alternativt via Swish (123 264 94 08)<br>N\u00e4r anm\u00e4lningsavgiften har kommit in p\u00e5 kontot, skickas inom en vecka per mail en bekr\u00e4ftelse p\u00e5 att anm\u00e4lan har registrerats. Dessutom skickas 2-3 veckor f\u00f6re helgen per mail ett brev med mer detaljerad information.<\/p>\n\n\n<div class=\"wpforms-container wpforms-container-full wpforms-block wpforms-block-2529ec48-146c-48c8-98e0-4f607a8241c5 wpforms-render-modern\" id=\"wpforms-177\"><form id=\"wpforms-form-177\" class=\"wpforms-validate wpforms-form wpforms-ajax-form\" data-formid=\"177\" method=\"post\" enctype=\"multipart\/form-data\" action=\"\/index.php?rest_route=%2Fwp%2Fv2%2Fpages%2F180\" data-token=\"7f1897aaea3fd11b350e2254447e01ba\" data-token-time=\"1777602312\"><noscript class=\"wpforms-error-noscript\">Aktivera JavaScript i din webbl\u00e4sare f\u00f6r att fylla i formul\u00e4ret.<\/noscript><div id=\"wpforms-error-noscript\" style=\"display: none;\">Aktivera JavaScript i din webbl\u00e4sare f\u00f6r att fylla i formul\u00e4ret.<\/div><div class=\"wpforms-field-container\"><div id=\"wpforms-177-field_6-container\" class=\"wpforms-field wpforms-field-radio\" data-field-id=\"6\"><fieldset><legend class=\"wpforms-field-label\">Helgtillf\u00e4lle <span class=\"wpforms-required-label\" aria-hidden=\"true\">*<\/span><\/legend><ul id=\"wpforms-177-field_6\" class=\"wpforms-field-required\"><li class=\"choice-4 depth-1\"><input type=\"radio\" id=\"wpforms-177-field_6_4\" name=\"wpforms[fields][6]\" value=\"\u00c5sljunga 13-15 november 2026\" aria-errormessage=\"wpforms-177-field_6_4-error\" required ><label class=\"wpforms-field-label-inline\" for=\"wpforms-177-field_6_4\">\u00c5sljunga 13-15 november 2026<\/label><\/li><\/ul><\/fieldset><\/div><div id=\"wpforms-177-field_10-container\" class=\"wpforms-field wpforms-field-text\" data-field-id=\"10\"><label class=\"wpforms-field-label\" for=\"wpforms-177-field_10\">Namn <span class=\"wpforms-required-label\" aria-hidden=\"true\">*<\/span><\/label><input type=\"text\" id=\"wpforms-177-field_10\" class=\"wpforms-field-medium wpforms-field-required\" name=\"wpforms[fields][10]\" aria-errormessage=\"wpforms-177-field_10-error\" required><\/div><div id=\"wpforms-177-field_3-container\" class=\"wpforms-field wpforms-field-email\" data-field-id=\"3\"><fieldset><legend class=\"wpforms-field-label\">E-post <span class=\"wpforms-required-label\" aria-hidden=\"true\">*<\/span><\/legend><div class=\"wpforms-field-row wpforms-field-medium\"><div class=\"wpforms-field-row-block wpforms-one-half wpforms-first\"><input type=\"email\" id=\"wpforms-177-field_3\" class=\"wpforms-field-required wpforms-field-email-primary\" name=\"wpforms[fields][3][primary]\" spellcheck=\"false\" aria-errormessage=\"wpforms-177-field_3-error\" required><label for=\"wpforms-177-field_3\" class=\"wpforms-field-sublabel after\">E-post<\/label><\/div><div class=\"wpforms-field-row-block wpforms-one-half\"><input type=\"email\" id=\"wpforms-177-field_3-secondary\" class=\"wpforms-field-email-secondary wpforms-field-required\" data-rule-confirm=\"#wpforms-177-field_3\" name=\"wpforms[fields][3][secondary]\" spellcheck=\"false\" aria-errormessage=\"wpforms-177-field_3-secondary-error\" required><label for=\"wpforms-177-field_3-secondary\" class=\"wpforms-field-sublabel after\">Bekr\u00e4fta e-post<\/label><\/div><\/div><\/fieldset><\/div><div id=\"wpforms-177-field_13-container\" class=\"wpforms-field wpforms-field-text\" data-field-id=\"13\"><label class=\"wpforms-field-label\" for=\"wpforms-177-field_13\">Telefon<\/label><input type=\"text\" id=\"wpforms-177-field_13\" class=\"wpforms-field-small\" name=\"wpforms[fields][13]\" aria-errormessage=\"wpforms-177-field_13-error\" ><\/div><div id=\"wpforms-177-field_11-container\" class=\"wpforms-field wpforms-field-text\" data-field-id=\"11\"><label class=\"wpforms-field-label\" for=\"wpforms-177-field_11\">Namn <span class=\"wpforms-required-label\" aria-hidden=\"true\">*<\/span><\/label><input type=\"text\" id=\"wpforms-177-field_11\" class=\"wpforms-field-medium wpforms-field-required\" name=\"wpforms[fields][11]\" aria-errormessage=\"wpforms-177-field_11-error\" required><\/div><div id=\"wpforms-177-field_4-container\" class=\"wpforms-field wpforms-field-email\" data-field-id=\"4\"><fieldset><legend class=\"wpforms-field-label\">E-post<\/legend><div class=\"wpforms-field-row wpforms-field-medium\"><div class=\"wpforms-field-row-block wpforms-one-half wpforms-first\"><input type=\"email\" id=\"wpforms-177-field_4\" class=\"wpforms-field-email-primary\" name=\"wpforms[fields][4][primary]\" spellcheck=\"false\" aria-errormessage=\"wpforms-177-field_4-error\" ><label for=\"wpforms-177-field_4\" class=\"wpforms-field-sublabel after\">E-post<\/label><\/div><div class=\"wpforms-field-row-block wpforms-one-half\"><input type=\"email\" id=\"wpforms-177-field_4-secondary\" class=\"wpforms-field-email-secondary\" data-rule-confirm=\"#wpforms-177-field_4\" name=\"wpforms[fields][4][secondary]\" spellcheck=\"false\" aria-errormessage=\"wpforms-177-field_4-secondary-error\" ><label for=\"wpforms-177-field_4-secondary\" class=\"wpforms-field-sublabel after\">Bekr\u00e4fta e-post<\/label><\/div><\/div><\/fieldset><\/div><div id=\"wpforms-177-field_14-container\" class=\"wpforms-field wpforms-field-text\" data-field-id=\"14\"><label class=\"wpforms-field-label\" for=\"wpforms-177-field_14\">Telefon<\/label><input type=\"text\" id=\"wpforms-177-field_14\" class=\"wpforms-field-small\" name=\"wpforms[fields][14]\" aria-errormessage=\"wpforms-177-field_14-error\" ><\/div><div id=\"wpforms-177-field_16-container\" class=\"wpforms-field wpforms-field-text\" data-field-id=\"16\"><label class=\"wpforms-field-label\" for=\"wpforms-177-field_16\">Adress<\/label><input type=\"text\" id=\"wpforms-177-field_16\" class=\"wpforms-field-medium\" name=\"wpforms[fields][16]\" placeholder=\"Gata, Postnr, Ort\" aria-errormessage=\"wpforms-177-field_16-error\" ><\/div><div id=\"wpforms-177-field_7-container\" class=\"wpforms-field wpforms-field-text\" data-field-id=\"7\"><label class=\"wpforms-field-label\" for=\"wpforms-177-field_7\">Vigseldatum <span class=\"wpforms-required-label\" aria-hidden=\"true\">*<\/span><\/label><input type=\"text\" id=\"wpforms-177-field_7\" class=\"wpforms-field-medium wpforms-field-required\" name=\"wpforms[fields][7]\" placeholder=\"2000-01-01\" aria-errormessage=\"wpforms-177-field_7-error\" required><\/div><div id=\"wpforms-177-field_8-container\" class=\"wpforms-field wpforms-field-text\" data-field-id=\"8\"><label class=\"wpforms-field-label\" for=\"wpforms-177-field_8\">Tipsinfo <span class=\"wpforms-required-label\" aria-hidden=\"true\">*<\/span><\/label><input type=\"text\" id=\"wpforms-177-field_8\" class=\"wpforms-field-medium wpforms-field-required\" name=\"wpforms[fields][8]\" placeholder=\"Vem tipsade \/ Hur fick ni info?\" aria-errormessage=\"wpforms-177-field_8-error\" required><\/div><div id=\"wpforms-177-field_9-container\" class=\"wpforms-field wpforms-field-text\" data-field-id=\"9\"><label class=\"wpforms-field-label\" for=\"wpforms-177-field_9\">S\u00e4rskild kost<\/label><input type=\"text\" id=\"wpforms-177-field_9\" class=\"wpforms-field-medium\" name=\"wpforms[fields][9]\" aria-errormessage=\"wpforms-177-field_9-error\" ><\/div><\/div><!-- .wpforms-field-container --><div class=\"wpforms-submit-container\" ><input type=\"hidden\" name=\"wpforms[id]\" value=\"177\"><input type=\"hidden\" name=\"page_title\" value=\"\"><input type=\"hidden\" name=\"page_url\" value=\"https:\/\/www.aktenskapsdialog.se\/index.php?rest_route=\/wp\/v2\/pages\/180\"><input type=\"hidden\" name=\"url_referer\" value=\"\"><button type=\"submit\" name=\"wpforms[submit]\" id=\"wpforms-submit-177\" class=\"wpforms-submit\" data-alt-text=\"Skickar \u2026\" data-submit-text=\"Skicka\" aria-live=\"assertive\" value=\"wpforms-submit\">Skicka<\/button><img decoding=\"async\" loading=\"lazy\" src=\"https:\/\/www.aktenskapsdialog.se\/wp-content\/plugins\/wpforms-lite\/assets\/images\/submit-spin.svg\" class=\"wpforms-submit-spinner\" style=\"display: none;\" width=\"26\" height=\"26\" alt=\"Laddar\"><\/div><\/form><\/div>  <!-- .wpforms-container -->","protected":false},"excerpt":{"rendered":"<p>Anm\u00e4lningsavgiften \u00e4r 500 kronor per par och ni s\u00e4tter in det p\u00e5 BG 814-5617, \u00c4ktenskapsdialog alternativt via Swish (123 264 94 08)N\u00e4r anm\u00e4lningsavgiften har kommit in p\u00e5 kontot, skickas inom en vecka per mail en bekr\u00e4ftelse p\u00e5 att anm\u00e4lan har registrerats. Dessutom skickas 2-3 veckor f\u00f6re helgen per mail ett brev med mer detaljerad information.<\/p>\n","protected":false},"author":1,"featured_media":0,"parent":0,"menu_order":0,"comment_status":"closed","ping_status":"closed","template":"","meta":{"_monsterinsights_skip_tracking":false,"_monsterinsights_sitenote_active":false,"_monsterinsights_sitenote_note":"","_monsterinsights_sitenote_category":0},"yoast_head":"<!-- This site is optimized with the Yoast SEO plugin v20.5 - https:\/\/yoast.com\/wordpress\/plugins\/seo\/ -->\n<title>Anm\u00e4lan - \u00c4ktenskapsdialog Sverige<\/title>\n<meta name=\"robots\" content=\"index, follow, max-snippet:-1, max-image-preview:large, max-video-preview:-1\" \/>\n<link rel=\"canonical\" href=\"https:\/\/www.aktenskapsdialog.se\/?page_id=180\" \/>\n<meta property=\"og:locale\" content=\"sv_SE\" \/>\n<meta property=\"og:type\" content=\"article\" \/>\n<meta property=\"og:title\" content=\"Anm\u00e4lan - \u00c4ktenskapsdialog Sverige\" \/>\n<meta property=\"og:description\" content=\"Anm\u00e4lningsavgiften \u00e4r 500 kronor per par och ni s\u00e4tter in det p\u00e5 BG 814-5617, \u00c4ktenskapsdialog alternativt via Swish (123 264 94 08)N\u00e4r anm\u00e4lningsavgiften har kommit in p\u00e5 kontot, skickas inom en vecka per mail en bekr\u00e4ftelse p\u00e5 att anm\u00e4lan har registrerats. Dessutom skickas 2-3 veckor f\u00f6re helgen per mail ett brev med mer detaljerad information.\" \/>\n<meta property=\"og:url\" content=\"https:\/\/www.aktenskapsdialog.se\/?page_id=180\" \/>\n<meta property=\"og:site_name\" content=\"\u00c4ktenskapsdialog Sverige\" \/>\n<meta property=\"article:modified_time\" content=\"2023-04-19T11:01:29+00:00\" \/>\n<meta name=\"twitter:card\" content=\"summary_large_image\" \/>\n<meta name=\"twitter:label1\" content=\"Ber\u00e4knad l\u00e4stid\" \/>\n\t<meta name=\"twitter:data1\" content=\"1 minut\" \/>\n<script type=\"application\/ld+json\" class=\"yoast-schema-graph\">{\"@context\":\"https:\/\/schema.org\",\"@graph\":[{\"@type\":\"WebPage\",\"@id\":\"https:\/\/www.aktenskapsdialog.se\/?page_id=180\",\"url\":\"https:\/\/www.aktenskapsdialog.se\/?page_id=180\",\"name\":\"Anm\u00e4lan - \u00c4ktenskapsdialog Sverige\",\"isPartOf\":{\"@id\":\"http:\/\/test.aktenskapsdialog.se\/#website\"},\"datePublished\":\"2023-04-19T11:01:28+00:00\",\"dateModified\":\"2023-04-19T11:01:29+00:00\",\"breadcrumb\":{\"@id\":\"https:\/\/www.aktenskapsdialog.se\/?page_id=180#breadcrumb\"},\"inLanguage\":\"sv-SE\",\"potentialAction\":[{\"@type\":\"ReadAction\",\"target\":[\"https:\/\/www.aktenskapsdialog.se\/?page_id=180\"]}]},{\"@type\":\"BreadcrumbList\",\"@id\":\"https:\/\/www.aktenskapsdialog.se\/?page_id=180#breadcrumb\",\"itemListElement\":[{\"@type\":\"ListItem\",\"position\":1,\"name\":\"Home\",\"item\":\"https:\/\/www.aktenskapsdialog.se\/\"},{\"@type\":\"ListItem\",\"position\":2,\"name\":\"Anm\u00e4lan\"}]},{\"@type\":\"WebSite\",\"@id\":\"http:\/\/test.aktenskapsdialog.se\/#website\",\"url\":\"http:\/\/test.aktenskapsdialog.se\/\",\"name\":\"\u00c4ktenskapsdialog Sverige\",\"description\":\"Friskv\u00e5rd i \u00e4ktenskapet\",\"publisher\":{\"@id\":\"http:\/\/test.aktenskapsdialog.se\/#organization\"},\"potentialAction\":[{\"@type\":\"SearchAction\",\"target\":{\"@type\":\"EntryPoint\",\"urlTemplate\":\"http:\/\/test.aktenskapsdialog.se\/?s={search_term_string}\"},\"query-input\":\"required name=search_term_string\"}],\"inLanguage\":\"sv-SE\"},{\"@type\":\"Organization\",\"@id\":\"http:\/\/test.aktenskapsdialog.se\/#organization\",\"name\":\"\u00c4ktenskapsdialog Sverige\",\"url\":\"http:\/\/test.aktenskapsdialog.se\/\",\"logo\":{\"@type\":\"ImageObject\",\"inLanguage\":\"sv-SE\",\"@id\":\"http:\/\/test.aktenskapsdialog.se\/#\/schema\/logo\/image\/\",\"url\":\"https:\/\/www.aktenskapsdialog.se\/wp-content\/uploads\/2023\/03\/cropped-WWME_Logo_Icon_RGB.png\",\"contentUrl\":\"https:\/\/www.aktenskapsdialog.se\/wp-content\/uploads\/2023\/03\/cropped-WWME_Logo_Icon_RGB.png\",\"width\":208,\"height\":250,\"caption\":\"\u00c4ktenskapsdialog Sverige\"},\"image\":{\"@id\":\"http:\/\/test.aktenskapsdialog.se\/#\/schema\/logo\/image\/\"}}]}<\/script>\n<!-- \/ Yoast SEO plugin. -->","yoast_head_json":{"title":"Anm\u00e4lan - \u00c4ktenskapsdialog Sverige","robots":{"index":"index","follow":"follow","max-snippet":"max-snippet:-1","max-image-preview":"max-image-preview:large","max-video-preview":"max-video-preview:-1"},"canonical":"https:\/\/www.aktenskapsdialog.se\/?page_id=180","og_locale":"sv_SE","og_type":"article","og_title":"Anm\u00e4lan - \u00c4ktenskapsdialog Sverige","og_description":"Anm\u00e4lningsavgiften \u00e4r 500 kronor per par och ni s\u00e4tter in det p\u00e5 BG 814-5617, \u00c4ktenskapsdialog alternativt via Swish (123 264 94 08)N\u00e4r anm\u00e4lningsavgiften har kommit in p\u00e5 kontot, skickas inom en vecka per mail en bekr\u00e4ftelse p\u00e5 att anm\u00e4lan har registrerats. Dessutom skickas 2-3 veckor f\u00f6re helgen per mail ett brev med mer detaljerad information.","og_url":"https:\/\/www.aktenskapsdialog.se\/?page_id=180","og_site_name":"\u00c4ktenskapsdialog Sverige","article_modified_time":"2023-04-19T11:01:29+00:00","twitter_card":"summary_large_image","twitter_misc":{"Ber\u00e4knad l\u00e4stid":"1 minut"},"schema":{"@context":"https:\/\/schema.org","@graph":[{"@type":"WebPage","@id":"https:\/\/www.aktenskapsdialog.se\/?page_id=180","url":"https:\/\/www.aktenskapsdialog.se\/?page_id=180","name":"Anm\u00e4lan - \u00c4ktenskapsdialog Sverige","isPartOf":{"@id":"http:\/\/test.aktenskapsdialog.se\/#website"},"datePublished":"2023-04-19T11:01:28+00:00","dateModified":"2023-04-19T11:01:29+00:00","breadcrumb":{"@id":"https:\/\/www.aktenskapsdialog.se\/?page_id=180#breadcrumb"},"inLanguage":"sv-SE","potentialAction":[{"@type":"ReadAction","target":["https:\/\/www.aktenskapsdialog.se\/?page_id=180"]}]},{"@type":"BreadcrumbList","@id":"https:\/\/www.aktenskapsdialog.se\/?page_id=180#breadcrumb","itemListElement":[{"@type":"ListItem","position":1,"name":"Home","item":"https:\/\/www.aktenskapsdialog.se\/"},{"@type":"ListItem","position":2,"name":"Anm\u00e4lan"}]},{"@type":"WebSite","@id":"http:\/\/test.aktenskapsdialog.se\/#website","url":"http:\/\/test.aktenskapsdialog.se\/","name":"\u00c4ktenskapsdialog Sverige","description":"Friskv\u00e5rd i \u00e4ktenskapet","publisher":{"@id":"http:\/\/test.aktenskapsdialog.se\/#organization"},"potentialAction":[{"@type":"SearchAction","target":{"@type":"EntryPoint","urlTemplate":"http:\/\/test.aktenskapsdialog.se\/?s={search_term_string}"},"query-input":"required name=search_term_string"}],"inLanguage":"sv-SE"},{"@type":"Organization","@id":"http:\/\/test.aktenskapsdialog.se\/#organization","name":"\u00c4ktenskapsdialog Sverige","url":"http:\/\/test.aktenskapsdialog.se\/","logo":{"@type":"ImageObject","inLanguage":"sv-SE","@id":"http:\/\/test.aktenskapsdialog.se\/#\/schema\/logo\/image\/","url":"https:\/\/www.aktenskapsdialog.se\/wp-content\/uploads\/2023\/03\/cropped-WWME_Logo_Icon_RGB.png","contentUrl":"https:\/\/www.aktenskapsdialog.se\/wp-content\/uploads\/2023\/03\/cropped-WWME_Logo_Icon_RGB.png","width":208,"height":250,"caption":"\u00c4ktenskapsdialog Sverige"},"image":{"@id":"http:\/\/test.aktenskapsdialog.se\/#\/schema\/logo\/image\/"}}]}},"_links":{"self":[{"href":"https:\/\/www.aktenskapsdialog.se\/index.php?rest_route=\/wp\/v2\/pages\/180"}],"collection":[{"href":"https:\/\/www.aktenskapsdialog.se\/index.php?rest_route=\/wp\/v2\/pages"}],"about":[{"href":"https:\/\/www.aktenskapsdialog.se\/index.php?rest_route=\/wp\/v2\/types\/page"}],"author":[{"embeddable":true,"href":"https:\/\/www.aktenskapsdialog.se\/index.php?rest_route=\/wp\/v2\/users\/1"}],"replies":[{"embeddable":true,"href":"https:\/\/www.aktenskapsdialog.se\/index.php?rest_route=%2Fwp%2Fv2%2Fcomments&post=180"}],"version-history":[{"count":3,"href":"https:\/\/www.aktenskapsdialog.se\/index.php?rest_route=\/wp\/v2\/pages\/180\/revisions"}],"predecessor-version":[{"id":192,"href":"https:\/\/www.aktenskapsdialog.se\/index.php?rest_route=\/wp\/v2\/pages\/180\/revisions\/192"}],"wp:attachment":[{"href":"https:\/\/www.aktenskapsdialog.se\/index.php?rest_route=%2Fwp%2Fv2%2Fmedia&parent=180"}],"curies":[{"name":"wp","href":"https:\/\/api.w.org\/{rel}","templated":true}]}}