{"id":114,"date":"2023-03-13T19:51:05","date_gmt":"2023-03-13T18:51:05","guid":{"rendered":"http:\/\/test.aktenskapsdialog.se\/?page_id=114"},"modified":"2025-11-10T11:55:26","modified_gmt":"2025-11-10T10:55:26","slug":"kontakt","status":"publish","type":"page","link":"https:\/\/www.aktenskapsdialog.se\/?page_id=114","title":{"rendered":"Kontakt"},"content":{"rendered":"\n<h2 class=\"wp-block-heading\">H\u00e4r \u00e4r n\u00e5gra av oss som arbetar med \u00c4ktenskapsdialog<\/h2>\n\n\n\n<p>Har du fr\u00e5gor, vill hj\u00e4lpa till eller har andra funderingar, kontakta oss!<\/p>\n\n\n\n<p>info@aktenskapsdialog.se<\/p>\n\n\n\n<h2 class=\"wp-block-heading\">Ansvariga<\/h2>\n\n\n\n<h2 class=\"wp-block-heading\">Lotta &amp; David Karlsson<\/h2>\n\n\n\n<figure class=\"wp-block-image\"><img decoding=\"async\" src=\"https:\/\/lh4.googleusercontent.com\/0t4PzsYcd9KVDBL-U-Yb3igqF3cUBeLCLT5HzclX3K-NGSH59zwgLcxsm7VuJR5T-nP7ZFQA5ZOpD2XOKxL49xUQfLr71U1_w2i_SQDHqlfAGokKA5IBHR8P6CsNbKLKYiF75_cgMe3p_k9GaKhC4Q\" alt=\"\"\/><\/figure>\n\n\n\n<p>Presentationspar (kontakt ang. \u00c4ktenskapscirkel)<\/p>\n\n\n\n<p>Telefon: 070 430 0782 \/ 073 873 2843<\/p>\n\n\n\n<hr class=\"wp-block-separator has-alpha-channel-opacity\"\/>\n\n\n\n<p><\/p>\n\n\n\n<h2 class=\"wp-block-heading\">Eva &amp; H\u00e5kan Persson<\/h2>\n\n\n\n<figure class=\"wp-block-image\"><img decoding=\"async\" src=\"https:\/\/lh5.googleusercontent.com\/CMvK86q9hl6AYnHAtYGMWatoPYGfP5gl9yeONnq3c6WeI3ZoGk4VYjkpQ2xBhFZ4DrCAAQitX_AyKN-GDYKUzYwHtf5pIRi7zom-0feuqdWftWYhElYAj9ZYkrsGT1EEQjIkWZ-aMYDxm8cB0jipPg\" alt=\"\"\/><\/figure>\n\n\n\n<p>Pr\u00e4stpar<\/p>\n\n\n\n<p>Telefon: 073-818 9000 \/ 076-786 5081<\/p>\n\n\n\n<p>E-post:&nbsp;<a href=\"mailto:hakan.persson@svenskakyrkan.se\">hakan.persson@svenskakyrkan.se<\/a><\/p>\n\n\n\n<p><\/p>\n\n\n\n<hr class=\"wp-block-separator has-alpha-channel-opacity\"\/>\n\n\n\n<h2 class=\"wp-block-heading\">Agneta &amp; Hans-Joachim Franze<\/h2>\n\n\n\n<figure class=\"wp-block-image size-large is-resized\"><img decoding=\"async\" src=\"http:\/\/www.aktenskapsdialog.se\/wp-content\/uploads\/2024\/01\/franze_liten2-1024x737.jpg\" alt=\"\" class=\"wp-image-257\" width=\"130\" srcset=\"https:\/\/www.aktenskapsdialog.se\/wp-content\/uploads\/2024\/01\/franze_liten2-1024x737.jpg 1024w, https:\/\/www.aktenskapsdialog.se\/wp-content\/uploads\/2024\/01\/franze_liten2-300x216.jpg 300w, https:\/\/www.aktenskapsdialog.se\/wp-content\/uploads\/2024\/01\/franze_liten2-768x553.jpg 768w, https:\/\/www.aktenskapsdialog.se\/wp-content\/uploads\/2024\/01\/franze_liten2.jpg 1067w\" sizes=\"(max-width: 767px) 89vw, (max-width: 1000px) 54vw, (max-width: 1071px) 543px, 580px\" \/><\/figure>\n\n\n\n<p>Pr\u00e4stpar<\/p>\n\n\n\n<p>Telefon: 076 794 06 08 \/ 070 603 18 12<\/p>\n\n\n\n<hr class=\"wp-block-separator has-alpha-channel-opacity\"\/>\n\n\n\n<h2 class=\"wp-block-heading\">Johan och Sophie Lindberg<\/h2>\n\n\n\n<figure class=\"wp-block-image\"><img decoding=\"async\" src=\"https:\/\/lh5.googleusercontent.com\/8yOPTjw2MQZ3Gp-aVet9-yyAB6_H8DV1dqTK7j4nDJCHDAZmZVwRCFhIujvUOm1gYqykRRWziH3hhiGgIkbyfpP3r9AcnI9ItQPEdKrFiTFO8YTd7PlNfiECtFP6xqnasvUMkzMyv6aR1_saT1uuqg\" alt=\"\"\/><\/figure>\n\n\n\n<p>Presentationspar<\/p>\n\n\n\n<p>Telefon: 070 433 00 91 \/ 070 252 82 04<\/p>\n\n\n\n<hr class=\"wp-block-separator has-alpha-channel-opacity\"\/>\n\n\n\n<h2 class=\"wp-block-heading\">Anna-Maria och Jeurgen Thelander<\/h2>\n\n\n\n<figure class=\"wp-block-image\"><img decoding=\"async\" src=\"https:\/\/lh4.googleusercontent.com\/JU0R0mo8jdqs43saQlgJJwgKw7IOMYLBsuvaS4jCewY3emz55eJVvyVrwRVCjxc8kKXswYGlwlbJSEVXLoaFG6M_AfGp9WqfkhKfTzppoeBg3Ak9lVv91jTOEofr2yNhNvOhv45q4eSiHsuIICvBNA\" alt=\"\"\/><\/figure>\n\n\n\n<p>Presentationspar<\/p>\n\n\n\n<p>Telefon: 070-7742545 \/ 070-5760533<\/p>\n","protected":false},"excerpt":{"rendered":"<p>H\u00e4r \u00e4r n\u00e5gra av oss som arbetar med \u00c4ktenskapsdialog Har du fr\u00e5gor, vill hj\u00e4lpa till eller har andra funderingar, kontakta oss! info@aktenskapsdialog.se Ansvariga Lotta &amp; David Karlsson Presentationspar (kontakt ang. \u00c4ktenskapscirkel) Telefon: 070 430 0782 \/ 073 873 2843 Eva &amp; H\u00e5kan Persson Pr\u00e4stpar Telefon: 073-818 9000 \/ 076-786 5081 E-post:&nbsp;hakan.persson@svenskakyrkan.se Agneta &amp; Hans-Joachim Franze &hellip; <\/p>\n<p class=\"link-more\"><a href=\"https:\/\/www.aktenskapsdialog.se\/?page_id=114\" class=\"more-link\">Forts\u00e4tt l\u00e4sa<span class=\"screen-reader-text\"> \u201dKontakt\u201d<\/span><\/a><\/p>\n","protected":false},"author":1,"featured_media":0,"parent":0,"menu_order":0,"comment_status":"closed","ping_status":"closed","template":"","meta":{"_monsterinsights_skip_tracking":false,"_monsterinsights_sitenote_active":false,"_monsterinsights_sitenote_note":"","_monsterinsights_sitenote_category":0},"yoast_head":"<!-- This site is optimized with the Yoast SEO plugin v20.5 - https:\/\/yoast.com\/wordpress\/plugins\/seo\/ -->\n<title>Kontakt - \u00c4ktenskapsdialog Sverige<\/title>\n<meta name=\"robots\" content=\"index, follow, max-snippet:-1, max-image-preview:large, max-video-preview:-1\" \/>\n<link rel=\"canonical\" href=\"https:\/\/www.aktenskapsdialog.se\/?page_id=114\" \/>\n<meta property=\"og:locale\" content=\"sv_SE\" \/>\n<meta property=\"og:type\" content=\"article\" \/>\n<meta property=\"og:title\" content=\"Kontakt - \u00c4ktenskapsdialog Sverige\" \/>\n<meta property=\"og:description\" content=\"H\u00e4r \u00e4r n\u00e5gra av oss som arbetar med \u00c4ktenskapsdialog Har du fr\u00e5gor, vill hj\u00e4lpa till eller har andra funderingar, kontakta oss! info@aktenskapsdialog.se Ansvariga Lotta &amp; David Karlsson Presentationspar (kontakt ang. \u00c4ktenskapscirkel) Telefon: 070 430 0782 \/ 073 873 2843 Eva &amp; H\u00e5kan Persson Pr\u00e4stpar Telefon: 073-818 9000 \/ 076-786 5081 E-post:&nbsp;hakan.persson@svenskakyrkan.se Agneta &amp; Hans-Joachim Franze &hellip; Forts\u00e4tt l\u00e4sa \u201dKontakt\u201d\" \/>\n<meta property=\"og:url\" content=\"https:\/\/www.aktenskapsdialog.se\/?page_id=114\" \/>\n<meta property=\"og:site_name\" content=\"\u00c4ktenskapsdialog Sverige\" \/>\n<meta property=\"article:modified_time\" content=\"2025-11-10T10:55:26+00:00\" \/>\n<meta property=\"og:image\" content=\"https:\/\/lh4.googleusercontent.com\/0t4PzsYcd9KVDBL-U-Yb3igqF3cUBeLCLT5HzclX3K-NGSH59zwgLcxsm7VuJR5T-nP7ZFQA5ZOpD2XOKxL49xUQfLr71U1_w2i_SQDHqlfAGokKA5IBHR8P6CsNbKLKYiF75_cgMe3p_k9GaKhC4Q\" \/>\n<meta name=\"twitter:card\" content=\"summary_large_image\" \/>\n<meta name=\"twitter:label1\" content=\"Ber\u00e4knad l\u00e4stid\" \/>\n\t<meta name=\"twitter:data1\" content=\"2 minuter\" \/>\n<script type=\"application\/ld+json\" class=\"yoast-schema-graph\">{\"@context\":\"https:\/\/schema.org\",\"@graph\":[{\"@type\":\"WebPage\",\"@id\":\"https:\/\/www.aktenskapsdialog.se\/?page_id=114\",\"url\":\"https:\/\/www.aktenskapsdialog.se\/?page_id=114\",\"name\":\"Kontakt - \u00c4ktenskapsdialog Sverige\",\"isPartOf\":{\"@id\":\"https:\/\/www.aktenskapsdialog.se\/#website\"},\"datePublished\":\"2023-03-13T18:51:05+00:00\",\"dateModified\":\"2025-11-10T10:55:26+00:00\",\"breadcrumb\":{\"@id\":\"https:\/\/www.aktenskapsdialog.se\/?page_id=114#breadcrumb\"},\"inLanguage\":\"sv-SE\",\"potentialAction\":[{\"@type\":\"ReadAction\",\"target\":[\"https:\/\/www.aktenskapsdialog.se\/?page_id=114\"]}]},{\"@type\":\"BreadcrumbList\",\"@id\":\"https:\/\/www.aktenskapsdialog.se\/?page_id=114#breadcrumb\",\"itemListElement\":[{\"@type\":\"ListItem\",\"position\":1,\"name\":\"Home\",\"item\":\"https:\/\/www.aktenskapsdialog.se\/\"},{\"@type\":\"ListItem\",\"position\":2,\"name\":\"Kontakt\"}]},{\"@type\":\"WebSite\",\"@id\":\"https:\/\/www.aktenskapsdialog.se\/#website\",\"url\":\"https:\/\/www.aktenskapsdialog.se\/\",\"name\":\"\u00c4ktenskapsdialog Sverige\",\"description\":\"Friskv\u00e5rd i \u00e4ktenskapet\",\"publisher\":{\"@id\":\"https:\/\/www.aktenskapsdialog.se\/#organization\"},\"potentialAction\":[{\"@type\":\"SearchAction\",\"target\":{\"@type\":\"EntryPoint\",\"urlTemplate\":\"https:\/\/www.aktenskapsdialog.se\/?s={search_term_string}\"},\"query-input\":\"required name=search_term_string\"}],\"inLanguage\":\"sv-SE\"},{\"@type\":\"Organization\",\"@id\":\"https:\/\/www.aktenskapsdialog.se\/#organization\",\"name\":\"\u00c4ktenskapsdialog Sverige\",\"url\":\"https:\/\/www.aktenskapsdialog.se\/\",\"logo\":{\"@type\":\"ImageObject\",\"inLanguage\":\"sv-SE\",\"@id\":\"https:\/\/www.aktenskapsdialog.se\/#\/schema\/logo\/image\/\",\"url\":\"https:\/\/www.aktenskapsdialog.se\/wp-content\/uploads\/2023\/03\/cropped-WWME_Logo_Icon_RGB.png\",\"contentUrl\":\"https:\/\/www.aktenskapsdialog.se\/wp-content\/uploads\/2023\/03\/cropped-WWME_Logo_Icon_RGB.png\",\"width\":208,\"height\":250,\"caption\":\"\u00c4ktenskapsdialog Sverige\"},\"image\":{\"@id\":\"https:\/\/www.aktenskapsdialog.se\/#\/schema\/logo\/image\/\"}}]}<\/script>\n<!-- \/ Yoast SEO plugin. -->","yoast_head_json":{"title":"Kontakt - \u00c4ktenskapsdialog Sverige","robots":{"index":"index","follow":"follow","max-snippet":"max-snippet:-1","max-image-preview":"max-image-preview:large","max-video-preview":"max-video-preview:-1"},"canonical":"https:\/\/www.aktenskapsdialog.se\/?page_id=114","og_locale":"sv_SE","og_type":"article","og_title":"Kontakt - \u00c4ktenskapsdialog Sverige","og_description":"H\u00e4r \u00e4r n\u00e5gra av oss som arbetar med \u00c4ktenskapsdialog Har du fr\u00e5gor, vill hj\u00e4lpa till eller har andra funderingar, kontakta oss! info@aktenskapsdialog.se Ansvariga Lotta &amp; David Karlsson Presentationspar (kontakt ang. \u00c4ktenskapscirkel) Telefon: 070 430 0782 \/ 073 873 2843 Eva &amp; H\u00e5kan Persson Pr\u00e4stpar Telefon: 073-818 9000 \/ 076-786 5081 E-post:&nbsp;hakan.persson@svenskakyrkan.se Agneta &amp; Hans-Joachim Franze &hellip; Forts\u00e4tt l\u00e4sa \u201dKontakt\u201d","og_url":"https:\/\/www.aktenskapsdialog.se\/?page_id=114","og_site_name":"\u00c4ktenskapsdialog Sverige","article_modified_time":"2025-11-10T10:55:26+00:00","og_image":[{"url":"https:\/\/lh4.googleusercontent.com\/0t4PzsYcd9KVDBL-U-Yb3igqF3cUBeLCLT5HzclX3K-NGSH59zwgLcxsm7VuJR5T-nP7ZFQA5ZOpD2XOKxL49xUQfLr71U1_w2i_SQDHqlfAGokKA5IBHR8P6CsNbKLKYiF75_cgMe3p_k9GaKhC4Q"}],"twitter_card":"summary_large_image","twitter_misc":{"Ber\u00e4knad l\u00e4stid":"2 minuter"},"schema":{"@context":"https:\/\/schema.org","@graph":[{"@type":"WebPage","@id":"https:\/\/www.aktenskapsdialog.se\/?page_id=114","url":"https:\/\/www.aktenskapsdialog.se\/?page_id=114","name":"Kontakt - \u00c4ktenskapsdialog Sverige","isPartOf":{"@id":"https:\/\/www.aktenskapsdialog.se\/#website"},"datePublished":"2023-03-13T18:51:05+00:00","dateModified":"2025-11-10T10:55:26+00:00","breadcrumb":{"@id":"https:\/\/www.aktenskapsdialog.se\/?page_id=114#breadcrumb"},"inLanguage":"sv-SE","potentialAction":[{"@type":"ReadAction","target":["https:\/\/www.aktenskapsdialog.se\/?page_id=114"]}]},{"@type":"BreadcrumbList","@id":"https:\/\/www.aktenskapsdialog.se\/?page_id=114#breadcrumb","itemListElement":[{"@type":"ListItem","position":1,"name":"Home","item":"https:\/\/www.aktenskapsdialog.se\/"},{"@type":"ListItem","position":2,"name":"Kontakt"}]},{"@type":"WebSite","@id":"https:\/\/www.aktenskapsdialog.se\/#website","url":"https:\/\/www.aktenskapsdialog.se\/","name":"\u00c4ktenskapsdialog Sverige","description":"Friskv\u00e5rd i \u00e4ktenskapet","publisher":{"@id":"https:\/\/www.aktenskapsdialog.se\/#organization"},"potentialAction":[{"@type":"SearchAction","target":{"@type":"EntryPoint","urlTemplate":"https:\/\/www.aktenskapsdialog.se\/?s={search_term_string}"},"query-input":"required name=search_term_string"}],"inLanguage":"sv-SE"},{"@type":"Organization","@id":"https:\/\/www.aktenskapsdialog.se\/#organization","name":"\u00c4ktenskapsdialog Sverige","url":"https:\/\/www.aktenskapsdialog.se\/","logo":{"@type":"ImageObject","inLanguage":"sv-SE","@id":"https:\/\/www.aktenskapsdialog.se\/#\/schema\/logo\/image\/","url":"https:\/\/www.aktenskapsdialog.se\/wp-content\/uploads\/2023\/03\/cropped-WWME_Logo_Icon_RGB.png","contentUrl":"https:\/\/www.aktenskapsdialog.se\/wp-content\/uploads\/2023\/03\/cropped-WWME_Logo_Icon_RGB.png","width":208,"height":250,"caption":"\u00c4ktenskapsdialog Sverige"},"image":{"@id":"https:\/\/www.aktenskapsdialog.se\/#\/schema\/logo\/image\/"}}]}},"_links":{"self":[{"href":"https:\/\/www.aktenskapsdialog.se\/index.php?rest_route=\/wp\/v2\/pages\/114"}],"collection":[{"href":"https:\/\/www.aktenskapsdialog.se\/index.php?rest_route=\/wp\/v2\/pages"}],"about":[{"href":"https:\/\/www.aktenskapsdialog.se\/index.php?rest_route=\/wp\/v2\/types\/page"}],"author":[{"embeddable":true,"href":"https:\/\/www.aktenskapsdialog.se\/index.php?rest_route=\/wp\/v2\/users\/1"}],"replies":[{"embeddable":true,"href":"https:\/\/www.aktenskapsdialog.se\/index.php?rest_route=%2Fwp%2Fv2%2Fcomments&post=114"}],"version-history":[{"count":6,"href":"https:\/\/www.aktenskapsdialog.se\/index.php?rest_route=\/wp\/v2\/pages\/114\/revisions"}],"predecessor-version":[{"id":311,"href":"https:\/\/www.aktenskapsdialog.se\/index.php?rest_route=\/wp\/v2\/pages\/114\/revisions\/311"}],"wp:attachment":[{"href":"https:\/\/www.aktenskapsdialog.se\/index.php?rest_route=%2Fwp%2Fv2%2Fmedia&parent=114"}],"curies":[{"name":"wp","href":"https:\/\/api.w.org\/{rel}","templated":true}]}}