{"id":111,"date":"2023-03-13T19:42:16","date_gmt":"2023-03-13T18:42:16","guid":{"rendered":"http:\/\/test.aktenskapsdialog.se\/?page_id=111"},"modified":"2023-03-13T19:42:17","modified_gmt":"2023-03-13T18:42:17","slug":"vad-tycker-deltagarna","status":"publish","type":"page","link":"https:\/\/www.aktenskapsdialog.se\/?page_id=111","title":{"rendered":"Vad tycker deltagarna?"},"content":{"rendered":"\n<h2 class=\"wp-block-heading\">\u201dEn helg vi sent kommer att gl\u00f6mma!\u201d<\/h2>\n\n\n\n<p>Under \u00e5ren har vi f\u00e5tt s\u00e5 mycket positiv feedback fr\u00e5n de \u00f6ver 1&nbsp;000 par som g\u00e5tt \u00c4ktenskapsdialog i Sverige. H\u00e4r \u00e4r n\u00e5gra av dem!<\/p>\n\n\n\n<div style=\"height:53px\" aria-hidden=\"true\" class=\"wp-block-spacer\"><\/div>\n\n\n\n<figure class=\"wp-block-image\"><img decoding=\"async\" src=\"https:\/\/lh4.googleusercontent.com\/leMl2Bc3QZG4lTOEkLQ8Ow3yZlwo6PWcQvlIUFSAxEGa2hC2IMldHYefMfUAjU0drZ94DmUeiPtFGK4PYeb6UVfcEa5RzF2yC641nOj6tdzgUReAN9ezDRKmVGWeyiXhWplDK1xj-iwgbKxn5CHMdw\" alt=\"\"\/><\/figure>\n\n\n\n<h2 class=\"wp-block-heading\">Ulrika &amp; Henrik<\/h2>\n\n\n\n<p>N\u00e4r vi var p\u00e5 v\u00e5r helg med \u00c4ktenskapsdialog 1999, var v\u00e5ra barn sm\u00e5, och vi upplevde det sk\u00f6nt att komma iv\u00e4g en helg och f\u00e5 tid med varandra som par. Att f\u00e5 lyssna till andra, helt vanliga par, som delade med sig av sina erfarenheter i \u00e4ktenskapet, var f\u00f6r oss mycket st\u00e4rkande och inspirerande. Att f\u00e5 uttrycka sig till sin partner i b\u00e5de skrift och tal och att f\u00e5 tid att lyssna var v\u00e4rdefullt f\u00f6r v\u00e5r relation.<\/p>\n\n\n\n<hr class=\"wp-block-separator has-alpha-channel-opacity\"\/>\n\n\n\n<figure class=\"wp-block-image\"><img decoding=\"async\" src=\"https:\/\/lh6.googleusercontent.com\/guhehBHyn4I1ALj4S9fhUEz1bxOsv2MGXGB_98VMnY-ecCIKa5WB0y5QoMFoWPhmmUkLe9SVMkfeAfUyZzZMF3NdUxBjIx8TVj21pzoK3E8hjnCDSmSG5l8GSbq6o_Ku3zIwvuKz4CalPZzeuoKG6Q\" alt=\"\"\/><\/figure>\n\n\n\n<h2 class=\"wp-block-heading\">Rune &amp; Ir\u00e9ne<\/h2>\n\n\n\n<p>Vem kunde tro att det, efter 32 \u00e5rs \u00e4ktenskap, fortfarande fanns s\u00e5 mycket mer att uppt\u00e4cka hos varandra! En helg vi sent kommer att gl\u00f6mma och som klart satt sp\u00e5r f\u00f6r v\u00e5rt fortsatta \u00e4ktenskaps\u00e4ventyr tillsammans.<\/p>\n\n\n\n<hr class=\"wp-block-separator has-alpha-channel-opacity\"\/>\n\n\n\n<figure class=\"wp-block-image\"><img decoding=\"async\" src=\"https:\/\/lh6.googleusercontent.com\/BD3TwYIZC8Zf2B19VOB8xzW35dHT125G8OUk8AtX1gCVxlmph_9tYp4uGe9SCw9YuOnq8lLZWX7x0-FpovekVmKGoM0wnfNb3q-zexkf5RrbwH0QaFgZaR1-9HSdsyg1t3DJnik9lUyfTw9tHQi0Fw\" alt=\"\"\/><\/figure>\n\n\n\n<h2 class=\"wp-block-heading\">Thomas &amp; Gudrun<\/h2>\n\n\n\n<p>\u00c4D-helgen var \u00f6verraskande och givande p\u00e5 m\u00e5nga s\u00e4tt och vis. Vi vill varmt rekommendera denna friskv\u00e5rd f\u00f6r alla \u00e4ktenskap.<\/p>\n\n\n\n<hr class=\"wp-block-separator has-alpha-channel-opacity\"\/>\n\n\n\n<figure class=\"wp-block-image\"><img decoding=\"async\" src=\"https:\/\/lh3.googleusercontent.com\/A89nFG-lJsi3WfJJ2ARXQUWxyR7Qq8xSaw4StE7p6MIcE5kxQ5BQPSW9CokB-Zvb5PomoorKU_swon3oYRkALseGB6CvQVENG8rGBhmOLGRIC6TYDiikDicFFinouKTAGtPCxpqBx2BKDgiwEui8ug\" alt=\"\"\/><\/figure>\n\n\n\n<h2 class=\"wp-block-heading\">Samuel &amp; AnnaSara<\/h2>\n\n\n\n<p>Helgen gav oss ett verktyg som vi kan anv\u00e4nda i vardagen f\u00f6r att p\u00e5 ett k\u00e4rleksfullt s\u00e4tt kommunicera med varandra p\u00e5 livets alla omr\u00e5den. Vi \u00e4r verkligen glada att vi \u00e5kte iv\u00e4g; alla borde unna sig att g\u00f6ra denna investering i sin relation. Helgen l\u00f6ste inte v\u00e5ra problem och konflikter, men den f\u00f6rde oss n\u00e4rmare varandra och hj\u00e4lpte oss att f\u00f6rst\u00e5 varandra b\u00e4ttre.<\/p>\n\n\n\n<hr class=\"wp-block-separator has-alpha-channel-opacity\"\/>\n\n\n\n<figure class=\"wp-block-image\"><img decoding=\"async\" src=\"https:\/\/lh5.googleusercontent.com\/xGDAWjiSX0IOpy6_XyH07hcX5kixV3IC0ThMUBAat83tKm5lBRwoYQhVVAN19tYzJKvt-6O29WyEW4w2oS57nD6wyAu54jALpztENpiHHUyP85Uu066vulojJ9t_mYxWlngOwXq4ChYiW9c_A5-IEQ\" alt=\"\"\/><\/figure>\n\n\n\n<h2 class=\"wp-block-heading\">Anna &amp; Magnus<\/h2>\n\n\n\n<p>\u00c4ktenskapshelgen har gett oss verktyg att n\u00e5 fram till varandra, och v\u00e5r relation har v\u00e4xt och blivit tryggare.&nbsp; Vi har l\u00e4rt oss att lyssna p\u00e5 varandra och det hj\u00e4lper oss n\u00e4r vi samarbetar i vardagen. Vi f\u00f6rst\u00e5r varandras tankar och k\u00e4nslor b\u00e4ttre och kan enas om vad som \u00e4r viktigt.<\/p>\n","protected":false},"excerpt":{"rendered":"<p>\u201dEn helg vi sent kommer att gl\u00f6mma!\u201d Under \u00e5ren har vi f\u00e5tt s\u00e5 mycket positiv feedback fr\u00e5n de \u00f6ver 1&nbsp;000 par som g\u00e5tt \u00c4ktenskapsdialog i Sverige. H\u00e4r \u00e4r n\u00e5gra av dem! Ulrika &amp; Henrik N\u00e4r vi var p\u00e5 v\u00e5r helg med \u00c4ktenskapsdialog 1999, var v\u00e5ra barn sm\u00e5, och vi upplevde det sk\u00f6nt att komma iv\u00e4g &hellip; <\/p>\n<p class=\"link-more\"><a href=\"https:\/\/www.aktenskapsdialog.se\/?page_id=111\" class=\"more-link\">Forts\u00e4tt l\u00e4sa<span class=\"screen-reader-text\"> \u201dVad tycker deltagarna?\u201d<\/span><\/a><\/p>\n","protected":false},"author":1,"featured_media":0,"parent":0,"menu_order":0,"comment_status":"closed","ping_status":"closed","template":"","meta":{"_monsterinsights_skip_tracking":false,"_monsterinsights_sitenote_active":false,"_monsterinsights_sitenote_note":"","_monsterinsights_sitenote_category":0},"yoast_head":"<!-- This site is optimized with the Yoast SEO plugin v20.5 - https:\/\/yoast.com\/wordpress\/plugins\/seo\/ -->\n<title>Vad tycker deltagarna? - \u00c4ktenskapsdialog Sverige<\/title>\n<meta name=\"robots\" content=\"index, follow, max-snippet:-1, max-image-preview:large, max-video-preview:-1\" \/>\n<link rel=\"canonical\" href=\"https:\/\/www.aktenskapsdialog.se\/?page_id=111\" \/>\n<meta property=\"og:locale\" content=\"sv_SE\" \/>\n<meta property=\"og:type\" content=\"article\" \/>\n<meta property=\"og:title\" content=\"Vad tycker deltagarna? - \u00c4ktenskapsdialog Sverige\" \/>\n<meta property=\"og:description\" content=\"\u201dEn helg vi sent kommer att gl\u00f6mma!\u201d Under \u00e5ren har vi f\u00e5tt s\u00e5 mycket positiv feedback fr\u00e5n de \u00f6ver 1&nbsp;000 par som g\u00e5tt \u00c4ktenskapsdialog i Sverige. H\u00e4r \u00e4r n\u00e5gra av dem! Ulrika &amp; Henrik N\u00e4r vi var p\u00e5 v\u00e5r helg med \u00c4ktenskapsdialog 1999, var v\u00e5ra barn sm\u00e5, och vi upplevde det sk\u00f6nt att komma iv\u00e4g &hellip; Forts\u00e4tt l\u00e4sa \u201dVad tycker deltagarna?\u201d\" \/>\n<meta property=\"og:url\" content=\"https:\/\/www.aktenskapsdialog.se\/?page_id=111\" \/>\n<meta property=\"og:site_name\" content=\"\u00c4ktenskapsdialog Sverige\" \/>\n<meta property=\"article:modified_time\" content=\"2023-03-13T18:42:17+00:00\" \/>\n<meta property=\"og:image\" content=\"https:\/\/lh4.googleusercontent.com\/leMl2Bc3QZG4lTOEkLQ8Ow3yZlwo6PWcQvlIUFSAxEGa2hC2IMldHYefMfUAjU0drZ94DmUeiPtFGK4PYeb6UVfcEa5RzF2yC641nOj6tdzgUReAN9ezDRKmVGWeyiXhWplDK1xj-iwgbKxn5CHMdw\" \/>\n<meta name=\"twitter:card\" content=\"summary_large_image\" \/>\n<meta name=\"twitter:label1\" content=\"Ber\u00e4knad l\u00e4stid\" \/>\n\t<meta name=\"twitter:data1\" content=\"3 minuter\" \/>\n<script type=\"application\/ld+json\" class=\"yoast-schema-graph\">{\"@context\":\"https:\/\/schema.org\",\"@graph\":[{\"@type\":\"WebPage\",\"@id\":\"https:\/\/www.aktenskapsdialog.se\/?page_id=111\",\"url\":\"https:\/\/www.aktenskapsdialog.se\/?page_id=111\",\"name\":\"Vad tycker deltagarna? - \u00c4ktenskapsdialog Sverige\",\"isPartOf\":{\"@id\":\"https:\/\/www.aktenskapsdialog.se\/#website\"},\"datePublished\":\"2023-03-13T18:42:16+00:00\",\"dateModified\":\"2023-03-13T18:42:17+00:00\",\"breadcrumb\":{\"@id\":\"https:\/\/www.aktenskapsdialog.se\/?page_id=111#breadcrumb\"},\"inLanguage\":\"sv-SE\",\"potentialAction\":[{\"@type\":\"ReadAction\",\"target\":[\"https:\/\/www.aktenskapsdialog.se\/?page_id=111\"]}]},{\"@type\":\"BreadcrumbList\",\"@id\":\"https:\/\/www.aktenskapsdialog.se\/?page_id=111#breadcrumb\",\"itemListElement\":[{\"@type\":\"ListItem\",\"position\":1,\"name\":\"Home\",\"item\":\"https:\/\/www.aktenskapsdialog.se\/\"},{\"@type\":\"ListItem\",\"position\":2,\"name\":\"Vad tycker deltagarna?\"}]},{\"@type\":\"WebSite\",\"@id\":\"https:\/\/www.aktenskapsdialog.se\/#website\",\"url\":\"https:\/\/www.aktenskapsdialog.se\/\",\"name\":\"\u00c4ktenskapsdialog Sverige\",\"description\":\"Friskv\u00e5rd i \u00e4ktenskapet\",\"publisher\":{\"@id\":\"https:\/\/www.aktenskapsdialog.se\/#organization\"},\"potentialAction\":[{\"@type\":\"SearchAction\",\"target\":{\"@type\":\"EntryPoint\",\"urlTemplate\":\"https:\/\/www.aktenskapsdialog.se\/?s={search_term_string}\"},\"query-input\":\"required name=search_term_string\"}],\"inLanguage\":\"sv-SE\"},{\"@type\":\"Organization\",\"@id\":\"https:\/\/www.aktenskapsdialog.se\/#organization\",\"name\":\"\u00c4ktenskapsdialog Sverige\",\"url\":\"https:\/\/www.aktenskapsdialog.se\/\",\"logo\":{\"@type\":\"ImageObject\",\"inLanguage\":\"sv-SE\",\"@id\":\"https:\/\/www.aktenskapsdialog.se\/#\/schema\/logo\/image\/\",\"url\":\"https:\/\/www.aktenskapsdialog.se\/wp-content\/uploads\/2023\/03\/cropped-WWME_Logo_Icon_RGB.png\",\"contentUrl\":\"https:\/\/www.aktenskapsdialog.se\/wp-content\/uploads\/2023\/03\/cropped-WWME_Logo_Icon_RGB.png\",\"width\":208,\"height\":250,\"caption\":\"\u00c4ktenskapsdialog Sverige\"},\"image\":{\"@id\":\"https:\/\/www.aktenskapsdialog.se\/#\/schema\/logo\/image\/\"}}]}<\/script>\n<!-- \/ Yoast SEO plugin. -->","yoast_head_json":{"title":"Vad tycker deltagarna? - \u00c4ktenskapsdialog Sverige","robots":{"index":"index","follow":"follow","max-snippet":"max-snippet:-1","max-image-preview":"max-image-preview:large","max-video-preview":"max-video-preview:-1"},"canonical":"https:\/\/www.aktenskapsdialog.se\/?page_id=111","og_locale":"sv_SE","og_type":"article","og_title":"Vad tycker deltagarna? - \u00c4ktenskapsdialog Sverige","og_description":"\u201dEn helg vi sent kommer att gl\u00f6mma!\u201d Under \u00e5ren har vi f\u00e5tt s\u00e5 mycket positiv feedback fr\u00e5n de \u00f6ver 1&nbsp;000 par som g\u00e5tt \u00c4ktenskapsdialog i Sverige. H\u00e4r \u00e4r n\u00e5gra av dem! Ulrika &amp; Henrik N\u00e4r vi var p\u00e5 v\u00e5r helg med \u00c4ktenskapsdialog 1999, var v\u00e5ra barn sm\u00e5, och vi upplevde det sk\u00f6nt att komma iv\u00e4g &hellip; Forts\u00e4tt l\u00e4sa \u201dVad tycker deltagarna?\u201d","og_url":"https:\/\/www.aktenskapsdialog.se\/?page_id=111","og_site_name":"\u00c4ktenskapsdialog Sverige","article_modified_time":"2023-03-13T18:42:17+00:00","og_image":[{"url":"https:\/\/lh4.googleusercontent.com\/leMl2Bc3QZG4lTOEkLQ8Ow3yZlwo6PWcQvlIUFSAxEGa2hC2IMldHYefMfUAjU0drZ94DmUeiPtFGK4PYeb6UVfcEa5RzF2yC641nOj6tdzgUReAN9ezDRKmVGWeyiXhWplDK1xj-iwgbKxn5CHMdw"}],"twitter_card":"summary_large_image","twitter_misc":{"Ber\u00e4knad l\u00e4stid":"3 minuter"},"schema":{"@context":"https:\/\/schema.org","@graph":[{"@type":"WebPage","@id":"https:\/\/www.aktenskapsdialog.se\/?page_id=111","url":"https:\/\/www.aktenskapsdialog.se\/?page_id=111","name":"Vad tycker deltagarna? - \u00c4ktenskapsdialog Sverige","isPartOf":{"@id":"https:\/\/www.aktenskapsdialog.se\/#website"},"datePublished":"2023-03-13T18:42:16+00:00","dateModified":"2023-03-13T18:42:17+00:00","breadcrumb":{"@id":"https:\/\/www.aktenskapsdialog.se\/?page_id=111#breadcrumb"},"inLanguage":"sv-SE","potentialAction":[{"@type":"ReadAction","target":["https:\/\/www.aktenskapsdialog.se\/?page_id=111"]}]},{"@type":"BreadcrumbList","@id":"https:\/\/www.aktenskapsdialog.se\/?page_id=111#breadcrumb","itemListElement":[{"@type":"ListItem","position":1,"name":"Home","item":"https:\/\/www.aktenskapsdialog.se\/"},{"@type":"ListItem","position":2,"name":"Vad tycker deltagarna?"}]},{"@type":"WebSite","@id":"https:\/\/www.aktenskapsdialog.se\/#website","url":"https:\/\/www.aktenskapsdialog.se\/","name":"\u00c4ktenskapsdialog Sverige","description":"Friskv\u00e5rd i \u00e4ktenskapet","publisher":{"@id":"https:\/\/www.aktenskapsdialog.se\/#organization"},"potentialAction":[{"@type":"SearchAction","target":{"@type":"EntryPoint","urlTemplate":"https:\/\/www.aktenskapsdialog.se\/?s={search_term_string}"},"query-input":"required name=search_term_string"}],"inLanguage":"sv-SE"},{"@type":"Organization","@id":"https:\/\/www.aktenskapsdialog.se\/#organization","name":"\u00c4ktenskapsdialog Sverige","url":"https:\/\/www.aktenskapsdialog.se\/","logo":{"@type":"ImageObject","inLanguage":"sv-SE","@id":"https:\/\/www.aktenskapsdialog.se\/#\/schema\/logo\/image\/","url":"https:\/\/www.aktenskapsdialog.se\/wp-content\/uploads\/2023\/03\/cropped-WWME_Logo_Icon_RGB.png","contentUrl":"https:\/\/www.aktenskapsdialog.se\/wp-content\/uploads\/2023\/03\/cropped-WWME_Logo_Icon_RGB.png","width":208,"height":250,"caption":"\u00c4ktenskapsdialog Sverige"},"image":{"@id":"https:\/\/www.aktenskapsdialog.se\/#\/schema\/logo\/image\/"}}]}},"_links":{"self":[{"href":"https:\/\/www.aktenskapsdialog.se\/index.php?rest_route=\/wp\/v2\/pages\/111"}],"collection":[{"href":"https:\/\/www.aktenskapsdialog.se\/index.php?rest_route=\/wp\/v2\/pages"}],"about":[{"href":"https:\/\/www.aktenskapsdialog.se\/index.php?rest_route=\/wp\/v2\/types\/page"}],"author":[{"embeddable":true,"href":"https:\/\/www.aktenskapsdialog.se\/index.php?rest_route=\/wp\/v2\/users\/1"}],"replies":[{"embeddable":true,"href":"https:\/\/www.aktenskapsdialog.se\/index.php?rest_route=%2Fwp%2Fv2%2Fcomments&post=111"}],"version-history":[{"count":2,"href":"https:\/\/www.aktenskapsdialog.se\/index.php?rest_route=\/wp\/v2\/pages\/111\/revisions"}],"predecessor-version":[{"id":113,"href":"https:\/\/www.aktenskapsdialog.se\/index.php?rest_route=\/wp\/v2\/pages\/111\/revisions\/113"}],"wp:attachment":[{"href":"https:\/\/www.aktenskapsdialog.se\/index.php?rest_route=%2Fwp%2Fv2%2Fmedia&parent=111"}],"curies":[{"name":"wp","href":"https:\/\/api.w.org\/{rel}","templated":true}]}}